{"id":4225,"date":"2025-12-23T11:57:15","date_gmt":"2025-12-23T16:57:15","guid":{"rendered":"https:\/\/2026.b2oceans.com\/?page_id=4225"},"modified":"2025-12-23T14:34:34","modified_gmt":"2025-12-23T19:34:34","slug":"terms-of-service","status":"publish","type":"page","link":"https:\/\/2026.b2oceans.com\/pt\/terms-of-service\/","title":{"rendered":"Termos de Servi\u00e7o"},"content":{"rendered":"<div data-elementor-type=\"wp-page\" data-elementor-id=\"4225\" class=\"elementor elementor-4225\" data-elementor-post-type=\"page\">\n\t\t\t\t<div class=\"e-con-with-custom-width elementor-element elementor-element-3b32d32 e-flex e-con-boxed sc_layouts_column_icons_position_left e-con e-parent\" data-id=\"3b32d32\" data-element_type=\"container\" data-no-translation=\"\">\n\t\t\t\t\t<div class=\"e-con-inner\">\n\t\t\t\t<div class=\"elementor-element elementor-element-2bc330e sc_fly_static elementor-widget elementor-widget-text-editor\" data-id=\"2bc330e\" data-element_type=\"widget\" data-widget_type=\"text-editor.default\">\n\t\t\t\t\t\t\t\t\t<p style=\"text-align: justify;\">Este registro descreve os termos de uso do B2Oceans, fornecendo informa\u00e7\u00f5es importantes sobre como tratamos e protegemos seus dados pessoais em nossa plataforma. Para prosseguir, \u00e9 essencial que voc\u00ea leia atentamente, compreenda e concorde com os Termos da B2Oceans. Somente quando isso for conclu\u00eddo, voc\u00ea poder\u00e1 criar uma conta conosco. N\u00e3o se esque\u00e7a de revisar nossa Pol\u00edtica de Privacidade para obter detalhes abrangentes sobre como gerenciamos as informa\u00e7\u00f5es enviadas.<\/p>\n<h4 style=\"text-align: justify;\">1. DEFINI\u00c7\u00d5ES<\/h4>\n<p style=\"text-align: justify;\">\u201cN\u00f3s\u201d, \u201cNosso\u201d ou \u201cNosso\u201d refere-se \u00e0 B2OCEANS SA (\u201cB2OCEANS\u201d), a pessoa jur\u00eddica que mant\u00e9m e \u00e9 respons\u00e1vel pelo Site.<\/p>\n<p style=\"text-align: justify;\">\u201cB2Oceans\u201d \u00e9 o site que pode ser acessado a partir do endere\u00e7o \u201c<a href=\"https:\/\/www.b2oceans.com\/pt-br\/\">https:\/\/www.b2oceans.com<\/a>\u201c, incluindo todas as suas p\u00e1ginas e recursos.<\/p>\n<p style=\"text-align: justify;\">\u201cPartes\u201d referem-se tanto ao Usu\u00e1rio quanto a N\u00f3s, sem distin\u00e7\u00e3o.<\/p>\n<p style=\"text-align: justify;\">\u201cServi\u00e7os\u201d refere-se aos seguintes servi\u00e7os fornecidos diretamente por N\u00f3s atrav\u00e9s do Nosso Site:<\/p>\n<p style=\"text-align: justify;\">Servi\u00e7os de manuten\u00e7\u00e3o WordPress<\/p>\n<p style=\"text-align: justify;\">\u201cNosso Conte\u00fado\u201d refere-se a toda e qualquer informa\u00e7\u00e3o ou dado publicado ou disponibilizado diretamente por N\u00f3s no Site, incluindo, entre outros, textos, imagens, v\u00eddeos e \u00e1udios.<\/p>\n<p style=\"text-align: justify;\">\u201cConte\u00fado de Terceiros\u201d refere-se a toda e qualquer informa\u00e7\u00e3o ou dado publicado ou disponibilizado no Site por terceiros, Usu\u00e1rios ou n\u00e3o, incluindo, entre outros, textos, imagens, v\u00eddeos, \u00e1udios e links.<\/p>\n<p style=\"text-align: justify;\">\u201cUsu\u00e1rio\u201d \u00e9 a pessoa que navega ou utiliza Nosso Site.<\/p>\n<h4 style=\"text-align: justify;\">2. RESTRI\u00c7\u00d5ES DE IDADE<\/h4>\n<p style=\"text-align: justify;\">O Site s\u00f3 deve ser utilizado por maiores de 18 anos.<\/p>\n<h4 style=\"text-align: justify;\">3. RESTRI\u00c7\u00d5ES DE IDADE PARA INSCRI\u00c7\u00c3O<\/h4>\n<p style=\"text-align: justify;\">Somente maiores de 18 anos podem se cadastrar em Nosso Site.<\/p>\n<h4 style=\"text-align: justify;\">4. MANUTEN\u00c7\u00c3O, ALTERA\u00c7\u00c3O E EXCLUS\u00c3O DE CADASTRO<\/h4>\n<p style=\"text-align: justify;\">Cada Usu\u00e1rio poder\u00e1 manter apenas uma conta no Site. Contas duplicadas, quando identificadas, ser\u00e3o automaticamente desativadas por N\u00f3s, sem preju\u00edzo de outras penalidades aplic\u00e1veis.<\/p>\n<p style=\"text-align: justify;\">Para que o registo seja conclu\u00eddo, o Utilizador dever\u00e1 fornecer integralmente os dados solicitados. Todas as informa\u00e7\u00f5es fornecidas pelo Usu\u00e1rio dever\u00e3o ser precisas, verdadeiras e atualizadas. Em qualquer caso, o Utilizador poder\u00e1 ser responsabilizado, civil e penalmente, pela veracidade, exatid\u00e3o e autenticidade dos dados fornecidos.<\/p>\n<p style=\"text-align: justify;\">O Utilizador dever\u00e1 fornecer um endere\u00e7o de correio eletr\u00f3nico v\u00e1lido, atrav\u00e9s do qual ser\u00e3o efetuados todos os contactos. Todas as comunica\u00e7\u00f5es enviadas para o endere\u00e7o acima mencionado ser\u00e3o consideradas lidas pelo utilizador, que se compromete assim a consultar regularmente as mensagens recebidas e a responder-lhes, se necess\u00e1rio, num prazo razo\u00e1vel.<\/p>\n<p style=\"text-align: justify;\">Ap\u00f3s a confirma\u00e7\u00e3o do seu cadastro, o usu\u00e1rio ter\u00e1 um login e senha pessoais, que dever\u00e1 utilizar para acessar sua conta no Site. Estes dados n\u00e3o devem ser comunicados pelo Utilizador a terceiros, sendo a utiliza\u00e7\u00e3o que deles \u00e9 feita da sua exclusiva responsabilidade. Voc\u00ea deve nos notificar imediatamente se suspeitar da ocorr\u00eancia de qualquer atividade suspeita ou inesperada em sua conta.<\/p>\n<p style=\"text-align: justify;\">N\u00e3o ser\u00e1 permitida a cess\u00e3o, venda, aluguel ou transfer\u00eancia, de qualquer forma, de conta de Usu\u00e1rio, a qual \u00e9 pessoal e intransfer\u00edvel.<\/p>\n<p style=\"text-align: justify;\">Sempre que os seus dados cadastrais estiverem desatualizados, o Usu\u00e1rio dever\u00e1 corrigi-los utilizando as ferramentas que disponibilizamos para tal.<\/p>\n<p style=\"text-align: justify;\">O Usu\u00e1rio que descumprir alguma das regras contidas neste instrumento ter\u00e1 sua conta suspensa e ser\u00e1 notificado para se justificar. Caso voc\u00ea n\u00e3o forne\u00e7a uma justificativa no prazo designado ou se a justificativa n\u00e3o for aceita, seu cadastro ser\u00e1 exclu\u00eddo e voc\u00ea n\u00e3o poder\u00e1 se cadastrar novamente no Site.<\/p>\n<p style=\"text-align: justify;\">O usu\u00e1rio poder\u00e1, a qualquer momento e sem necessidade de justificativa, solicitar o cancelamento do seu cadastro no Site. O seu cancelamento ser\u00e1 realizado o mais r\u00e1pido poss\u00edvel, desde que n\u00e3o haja d\u00edvidas pendentes.<\/p>\n<p style=\"text-align: justify;\">Seja no caso de solicita\u00e7\u00e3o de cancelamento de cadastro, seja no caso de exclus\u00e3o por descumprimento das regras aqui estabelecidas, os dados pessoais do Usu\u00e1rio ser\u00e3o tratados de acordo com nossa Pol\u00edtica de Privacidade, sendo poss\u00edvel que todos ou alguns dados ser\u00e3o mantidos mesmo ap\u00f3s a exclus\u00e3o da conta, independentemente do consentimento do titular dos dados pessoais.<\/p>\n<h4 style=\"text-align: justify;\">5. NAVEGA\u00c7\u00c3O<\/h4>\n<p style=\"text-align: justify;\">Comprometemo-nos a utilizar todas as solu\u00e7\u00f5es t\u00e9cnicas ao nosso dispor para que o Site possa ser acedido 24 (vinte e quatro) horas por dia, todos os dias. No entanto, poderemos, a qualquer momento, interromper, limitar ou suspender o acesso ao Site ou a algumas das suas p\u00e1ginas ou recursos, a fim de realizar atualiza\u00e7\u00f5es, modifica\u00e7\u00f5es, corre\u00e7\u00f5es ou qualquer outra a\u00e7\u00e3o que consideremos necess\u00e1ria para garantir o seu bom funcionamento.<\/p>\n<h4 style=\"text-align: justify;\">6. GERENCIAMENTO DO SITE<\/h4>\n<p style=\"text-align: justify;\">Para uma boa gest\u00e3o, podemos, a qualquer momento:<\/p>\n<p style=\"text-align: justify;\">a) suspender, interromper ou limitar o acesso a todo ou parte do Site a uma categoria espec\u00edfica ou a todos os Usu\u00e1rios;<\/p>\n<p style=\"text-align: justify;\">b) remover qualquer informa\u00e7\u00e3o que possa perturbar o funcionamento do Site ou que esteja em conflito com o direito internacional;<\/p>\n<p style=\"text-align: justify;\">c) suspender o Site para fazer atualiza\u00e7\u00f5es e modifica\u00e7\u00f5es.<\/p>\n<h4 style=\"text-align: justify;\">7. NOSSAS RESPONSABILIDADES<\/h4>\n<p style=\"text-align: justify;\">Embora fa\u00e7amos tudo ao Nosso alcance para manter Nosso Site em pleno e correto funcionamento, seremos respons\u00e1veis por quaisquer defeitos ou defeitos encontrados no programa de computador que comp\u00f5e Nosso Site e que tenham sido causados por N\u00f3s, desde que os danos tenham sido comprovado. .<\/p>\n<p style=\"text-align: justify;\">Defeitos ou problemas decorrentes ou resultantes dos sistemas ou equipamentos utilizados pelo Usu\u00e1rio para acessar e utilizar Nosso Site n\u00e3o ser\u00e3o de Nossa responsabilidade.<\/p>\n<p style=\"text-align: justify;\">Tamb\u00e9m somos respons\u00e1veis, nos limites e nos termos da lei, pelo Nosso Conte\u00fado. No entanto, n\u00e3o assumimos qualquer responsabilidade por Conte\u00fado de Terceiros.<\/p>\n<p style=\"text-align: justify;\">N\u00e3o somos respons\u00e1veis pelo uso que os Usu\u00e1rios fazem do Nosso Site, e eles s\u00e3o respons\u00e1veis pessoal e exclusivamente por suas pr\u00f3prias a\u00e7\u00f5es.<\/p>\n<p style=\"text-align: justify;\">N\u00e3o seremos respons\u00e1veis por quaisquer danos decorrentes de casos fortuitos, for\u00e7a maior ou resultantes de a\u00e7\u00f5es de terceiros.<\/p>\n<p style=\"text-align: justify;\">Somos respons\u00e1veis pelos Nossos Servi\u00e7os comercializados no \u00e2mbito do Site e comprometemo-nos a fornec\u00ea-los de acordo com as condi\u00e7\u00f5es estabelecidas na contrata\u00e7\u00e3o. N\u00e3o nos responsabilizamos, por\u00e9m, por situa\u00e7\u00f5es que fujam ao nosso controle, como nas situa\u00e7\u00f5es em que o Usu\u00e1rio contratante nos forne\u00e7a informa\u00e7\u00f5es falsas ou incorretas ou em que haja evento fortuito ou de for\u00e7a maior que nos prejudique ou impe\u00e7a o cumprimento de nossos compromissos em tempo h\u00e1bil. .<\/p>\n<h4 style=\"text-align: justify;\">8. UTILIZA\u00c7\u00c3O DO SITE<\/h4>\n<p style=\"text-align: justify;\">O Usu\u00e1rio dever\u00e1 utilizar as funcionalidades do Site para fins que n\u00e3o contrariem a lei, a moral ou os bons costumes. Em particular, voc\u00ea deve limitar-se a utiliz\u00e1-los de acordo com os objetivos para os quais foram criados.<\/p>\n<p style=\"text-align: justify;\">O Usu\u00e1rio n\u00e3o poder\u00e1 utilizar crawlers, rob\u00f4s ou quaisquer programas de computador automatizados, algoritmos, equipamentos ou metodologias para acessar, copiar, ler, monitorar, navegar, preencher formul\u00e1rios ou publicar conte\u00fado no Site.<\/p>\n<p style=\"text-align: justify;\">O Usu\u00e1rio n\u00e3o poder\u00e1 utilizar quaisquer meios ou ferramentas automatizados ou manuais para acessar qualquer conte\u00fado ou informa\u00e7\u00e3o que n\u00e3o tenha sido intencionalmente disponibilizado a ele por N\u00f3s, incluindo as informa\u00e7\u00f5es contidas em se\u00e7\u00f5es do Nosso Site e aquelas que s\u00e3o armazenadas ou circuladas dentro da infraestrutura de Tecnologia da Informa\u00e7\u00e3o utilizada por N\u00f3s, que inclui equipamentos, redes e servidores.<\/p>\n<p style=\"text-align: justify;\">O Usu\u00e1rio n\u00e3o poder\u00e1 violar ou testar as vulnerabilidades dos mecanismos de seguran\u00e7a do Site ou da infraestrutura de Tecnologia da Informa\u00e7\u00e3o por N\u00f3s utilizada.<\/p>\n<p style=\"text-align: justify;\">O Usu\u00e1rio n\u00e3o poder\u00e1 utilizar nenhum conte\u00fado ou informa\u00e7\u00e3o dispon\u00edvel em Nosso Site com a finalidade de identificar outros Usu\u00e1rios ou outras pessoas, a menos que o conte\u00fado ou informa\u00e7\u00e3o seja legalmente divulgado para esse fim.<\/p>\n<p style=\"text-align: justify;\">O Usu\u00e1rio n\u00e3o poder\u00e1 sobrecarregar a infraestrutura de Tecnologia da Informa\u00e7\u00e3o que mant\u00e9m o Site com um n\u00famero excessivo ou injustificado de solicita\u00e7\u00f5es.<\/p>\n<p style=\"text-align: justify;\">O Utilizador n\u00e3o poder\u00e1 ocultar a sua identidade ou a origem da sua liga\u00e7\u00e3o, nem poder\u00e1 fazer-se passar por outra pessoa. Nesse sentido, al\u00e9m de outras condutas poss\u00edveis, o Usu\u00e1rio n\u00e3o poder\u00e1 utilizar quaisquer ferramentas ou mecanismos para manipular ou mascarar a origem de qualquer mensagem enviada a N\u00f3s ou \u00e0 Nossa infraestrutura de Tecnologia da Informa\u00e7\u00e3o atrav\u00e9s do Nosso Site ou de qualquer uma de suas funcionalidades. .<\/p>\n<p style=\"text-align: justify;\">O Utilizador registado ser\u00e1 respons\u00e1vel pela utiliza\u00e7\u00e3o que fizer das suas contas de utilizador, devendo garantir que as suas credenciais de acesso (login e palavra-passe) n\u00e3o s\u00e3o partilhadas com terceiros.<\/p>\n<p style=\"text-align: justify;\">O Utilizador \u00e9 respons\u00e1vel por garantir a seguran\u00e7a dos equipamentos e sistemas eletr\u00f3nicos que utiliza para aceder ao Site.<\/p>\n<p style=\"text-align: justify;\">O Usu\u00e1rio ser\u00e1 respons\u00e1vel por qualquer conte\u00fado ou informa\u00e7\u00e3o que eventualmente publicar em Nosso Site.<\/p>\n<p style=\"text-align: justify;\">N\u00e3o ser\u00e1 autorizada a inclus\u00e3o de p\u00e1ginas que divulguem qualquer tipo de informa\u00e7\u00e3o il\u00edcita, violenta, pol\u00eamica, pornogr\u00e1fica, xen\u00f3foba, discriminat\u00f3ria ou ofensiva.<\/p>\n<h4 style=\"text-align: justify;\">9. LINKS EXTERNOS<\/h4>\n<p style=\"text-align: justify;\">Nosso Site pode conter links externos que redirecionam o Usu\u00e1rio para outras p\u00e1ginas da Internet sobre as quais n\u00e3o exercemos controle.<\/p>\n<p style=\"text-align: justify;\">Apesar das verifica\u00e7\u00f5es pr\u00e9vias e regulares que realizamos, isentamo-nos de qualquer responsabilidade pelos conte\u00fados encontrados nas p\u00e1ginas e aplica\u00e7\u00f5es que podem ser acedidas atrav\u00e9s destes links.<\/p>\n<p style=\"text-align: justify;\">10. DIREITOS DE PROPRIEDADE INTELECTUAL SOBRE PROGRAMAS DE COMPUTADOR E NOSSO CONTE\u00daDO<br>Os programas de computador que comp\u00f5em o Site e o Nosso Conte\u00fado dispon\u00edvel no Site s\u00e3o Nossa propriedade, salvo indica\u00e7\u00e3o expressa em contr\u00e1rio.<\/p>\n<p style=\"text-align: justify;\">Nossos programas de computador e Nosso Conte\u00fado protegidos por direitos autorais n\u00e3o podem ser, no todo ou em parte, copiados, reproduzidos, representados, adaptados ou de qualquer forma alterados, por qualquer meio e para qualquer finalidade, sem Nossa pr\u00e9via, expressa e por escrito . Em caso de viola\u00e7\u00e3o dos Nossos direitos de propriedade intelectual, reservamo-nos o direito de tomar todas as medidas judiciais e extrajudiciais aplic\u00e1veis.<\/p>\n<p style=\"text-align: justify;\">O acesso ao Site n\u00e3o gera para o Utilizador quaisquer direitos de propriedade intelectual relativos a elementos do Site.<\/p>\n<h4 style=\"text-align: justify;\">11. SERVI\u00c7OS<\/h4>\n<p style=\"text-align: justify;\">Atrav\u00e9s do Site, disponibilizamos ao Cliente um cat\u00e1logo ou uma loja online apresentando com precis\u00e3o os Servi\u00e7os comercializados. Os Servi\u00e7os s\u00e3o descritos e apresentados com o maior grau de precis\u00e3o poss\u00edvel, acompanhados de informa\u00e7\u00f5es corretas, claras, precisas, claras e claras em portugu\u00eas sobre as suas caracter\u00edsticas, entre outros dados, bem como sobre quaisquer riscos que representem para a sa\u00fade e seguran\u00e7a dos o usu\u00e1rio. quem os adquire.<\/p>\n<p style=\"text-align: justify;\">Os pre\u00e7os e taxas relativos \u00e0 venda dos Servi\u00e7os est\u00e3o especificados no cat\u00e1logo ou na loja online.<\/p>\n<p style=\"text-align: justify;\">Antes de finalizar a compra de um determinado Servi\u00e7o, o Utilizador dever\u00e1 informar-se sobre as suas especifica\u00e7\u00f5es e o seu destino. Tratando-se de um Servi\u00e7o adquirido no \u00e2mbito de ofertas, o Utilizador dever\u00e1 tamb\u00e9m observar as suas condi\u00e7\u00f5es de aplica\u00e7\u00e3o.<\/p>\n<p style=\"text-align: justify;\">As ofertas ser\u00e3o disponibilizadas no Site conforme Nossa conveni\u00eancia.<\/p>\n<h4 style=\"text-align: justify;\">12. PRE\u00c7OS DE SERVI\u00c7O<\/h4>\n<p style=\"text-align: justify;\">O vendedor reserva-se o direito de modificar os pre\u00e7os dos Servi\u00e7os a qualquer momento, publicando-os no Site.<\/p>\n<p style=\"text-align: justify;\">Ser\u00e3o aplicadas as tarifas em vigor no momento da encomenda, sujeitas \u00e0 disponibilidade dos Servi\u00e7os nessa data.<\/p>\n<p style=\"text-align: justify;\">Os pre\u00e7os ser\u00e3o indicados em reais e n\u00e3o incluir\u00e3o taxas de entrega, que ser\u00e3o especificadas separadamente e informadas antes da realiza\u00e7\u00e3o do pedido.<\/p>\n<p style=\"text-align: justify;\">O valor total da encomenda, incluindo todas as taxas, ser\u00e1 indicado antes da valida\u00e7\u00e3o final da encomenda.<\/p>\n<h4 style=\"text-align: justify;\">13. PAGAMENTO<\/h4>\n<p style=\"text-align: justify;\">O pagamento da encomenda dever\u00e1 ser efetuado \u00e0 vista ou parcelado, atrav\u00e9s dos seguintes meios:<\/p>\n<p style=\"text-align: justify;\">Cart\u00e3o de Cr\u00e9dito e Boleto Banc\u00e1rio.<\/p>\n<p style=\"text-align: justify;\">14. PRESTA\u00c7\u00c3O DE SERVI\u00c7OS<br>Os Servi\u00e7os ser\u00e3o prestados por N\u00f3s de acordo com as especifica\u00e7\u00f5es, condi\u00e7\u00f5es e outras informa\u00e7\u00f5es dispon\u00edveis em Nosso Site.<\/p>\n<p style=\"text-align: justify;\">15. PROTE\u00c7\u00c3O DE DADOS PESSOAIS<br>Processamos os dados pessoais dos Usu\u00e1rios de acordo com a Lei Federal n\u00ba. 13.709\/2018 (Lei Geral de Prote\u00e7\u00e3o de Dados Pessoais) e demais regulamenta\u00e7\u00f5es correlatas que nos sejam aplic\u00e1veis. Mais informa\u00e7\u00f5es sobre esse assunto podem ser encontradas em nossa Pol\u00edtica de Privacidade, que pode ser acessada atrav\u00e9s do link: <a href=\"https:\/\/www.b2oceans.com\/pt-br\/legal\/privacidade\/\">https:\/\/www.b2oceans.com\/legal\/privacy<\/a>.<\/p>\n<p style=\"text-align: justify;\">Na referida Pol\u00edtica identificamos os dados pessoais que tratamos e prestamos informa\u00e7\u00e3o sobre como, por que motivo e com que base legal o fazemos, bem como sobre a forma como os Utilizadores podem exercer os seus direitos relacionados com a protec\u00e7\u00e3o dos seus dados pessoais. dados e sobre como voc\u00ea pode entrar em contato com nosso respons\u00e1vel pela prote\u00e7\u00e3o de dados pessoais.<\/p>\n<p style=\"text-align: justify;\">Os pedidos de altera\u00e7\u00e3o, retifica\u00e7\u00e3o ou elimina\u00e7\u00e3o de dados pessoais dever\u00e3o ser dirigidos a N\u00f3s de acordo com o disposto nessa Pol\u00edtica.<\/p>\n<h4 style=\"text-align: justify;\">16. ATENDIMENTO AO CLIENTE DO USU\u00c1RIO<\/h4>\n<p style=\"text-align: justify;\">Em caso de d\u00favidas, sugest\u00f5es ou problemas com a utiliza\u00e7\u00e3o do Site, o Usu\u00e1rio poder\u00e1 entrar em contato diretamente com Nosso Atendimento ao Cliente, atrav\u00e9s do endere\u00e7o de e-mail: contact@b2oceans.com ou WhatsApp: <a href=\"https:\/\/wa.me\/50760215163\" rel=\"nofollow noopener\" target=\"_blank\">+507 6021 5163<\/a>. Estes servi\u00e7os de apoio ao Utilizador estar\u00e3o dispon\u00edveis nos seguintes dias e hor\u00e1rios:<\/p>\n<p style=\"text-align: justify;\">De segunda a sexta, das 8h \u00e0s 18h.<\/p>\n<h4 style=\"text-align: justify;\">17. SAN\u00c7\u00d5ES<\/h4>\n<p style=\"text-align: justify;\">Sem preju\u00edzo de outras medidas legais aplic\u00e1veis, poderemos, a qualquer momento, avisar, suspender ou cancelar a conta do Utilizador:<\/p>\n<p style=\"text-align: justify;\">a) que descumprir qualquer das disposi\u00e7\u00f5es contidas neste instrumento;<\/p>\n<p style=\"text-align: justify;\">b) que n\u00e3o cumpra com os seus deveres de Utilizador;<\/p>\n<p style=\"text-align: justify;\">c) quem pratique atos fraudulentos, ilegais ou imorais;<\/p>\n<p style=\"text-align: justify;\">d) cujo comportamento constitua ou possa resultar em ofensa ou dano a terceiros ou ao pr\u00f3prio Site.<\/p>\n<h4 style=\"text-align: justify;\">18. MUDAN\u00c7AS<\/h4>\n<p style=\"text-align: justify;\">Esta vers\u00e3o dos termos e condi\u00e7\u00f5es gerais de utiliza\u00e7\u00e3o foi atualizada pela \u00faltima vez em: 20\/01\/2024.<\/p>\n<p style=\"text-align: justify;\">Reservamo-nos o direito de modificar, a qualquer momento e sem qualquer aviso pr\u00e9vio, o site e os servi\u00e7os, bem como estas regras, especialmente para adapt\u00e1-los aos desenvolvimentos do Site, seja disponibilizando novas funcionalidades, seja eliminando ou modificando aqueles que j\u00e1 existem.<\/p>\n<p style=\"text-align: justify;\">Portanto, convidamos o Usu\u00e1rio a consultar periodicamente esta p\u00e1gina para verificar atualiza\u00e7\u00f5es.<\/p>\n<h4 style=\"text-align: justify;\">19. CONCLUS\u00c3O<\/h4>\n<p style=\"text-align: justify;\">A B2Oceans disponibilizar\u00e1 os servi\u00e7os at\u00e9 o per\u00edodo do plano contratado, salvo impedimento por meios tecnol\u00f3gicos como atualiza\u00e7\u00f5es no WhatsApp que inviabilizem o servi\u00e7o.<\/p>\t\t\t\t\t\t\t\t<\/div>\n\t\t\t\t\t<\/div>\n\t\t\t\t<\/div>\n\t\t\t\t<\/div>","protected":false},"excerpt":{"rendered":"<p>This record outlines the terms of use for B2Oceans, providing you with important&hellip;<\/p>","protected":false},"author":1,"featured_media":0,"parent":0,"menu_order":0,"comment_status":"closed","ping_status":"closed","template":"","meta":{"give_campaign_id":0,"footnotes":""},"class_list":["post-4225","page","type-page","status-publish","hentry"],"campaignId":"","_links":{"self":[{"href":"https:\/\/2026.b2oceans.com\/pt\/wp-json\/wp\/v2\/pages\/4225","targetHints":{"allow":["GET"]}}],"collection":[{"href":"https:\/\/2026.b2oceans.com\/pt\/wp-json\/wp\/v2\/pages"}],"about":[{"href":"https:\/\/2026.b2oceans.com\/pt\/wp-json\/wp\/v2\/types\/page"}],"author":[{"embeddable":true,"href":"https:\/\/2026.b2oceans.com\/pt\/wp-json\/wp\/v2\/users\/1"}],"replies":[{"embeddable":true,"href":"https:\/\/2026.b2oceans.com\/pt\/wp-json\/wp\/v2\/comments?post=4225"}],"version-history":[{"count":0,"href":"https:\/\/2026.b2oceans.com\/pt\/wp-json\/wp\/v2\/pages\/4225\/revisions"}],"wp:attachment":[{"href":"https:\/\/2026.b2oceans.com\/pt\/wp-json\/wp\/v2\/media?parent=4225"}],"curies":[{"name":"wp","href":"https:\/\/api.w.org\/{rel}","templated":true}]}}