{"id":367,"date":"2024-10-17T14:11:40","date_gmt":"2024-10-17T14:11:40","guid":{"rendered":"https:\/\/2026.b2oceans.com\/?page_id=367"},"modified":"2025-12-25T19:05:46","modified_gmt":"2025-12-26T00:05:46","slug":"about-us","status":"publish","type":"page","link":"https:\/\/2026.b2oceans.com\/pt\/about-us\/","title":{"rendered":"Sobre N\u00f3s"},"content":{"rendered":"<div data-elementor-type=\"wp-page\" data-elementor-id=\"367\" class=\"elementor elementor-367\" data-elementor-post-type=\"page\">\n\t\t\t\t<div class=\"elementor-element elementor-element-88afce1 e-con-full e-flex sc_layouts_column_icons_position_left e-con e-parent\" data-id=\"88afce1\" data-element_type=\"container\">\n\t\t<div class=\"elementor-element elementor-element-1764d34 e-con-full e-flex sc_layouts_column_icons_position_left e-con e-child\" data-id=\"1764d34\" data-element_type=\"container\">\n\t\t<div class=\"elementor-element elementor-element-c5287eb e-con-full sc_column_fixed e-flex sc_layouts_column_icons_position_left e-con e-child\" data-id=\"c5287eb\" data-element_type=\"container\">\n\t\t\t\t<div data-animation-type=\"block\" class=\"elementor-element elementor-element-e3a58c6 animation_type_block sc_fly_static elementor-invisible elementor-widget elementor-widget-image\" data-id=\"e3a58c6\" data-element_type=\"widget\" data-settings=\"{&quot;_animation&quot;:&quot;ta_fadeinup&quot;}\" data-widget_type=\"image.default\">\n\t\t\t\t\t\t\t\t\t\t\t\t\t\t\t<img fetchpriority=\"high\" decoding=\"async\" width=\"817\" height=\"645\" src=\"https:\/\/2026.b2oceans.com\/wp-content\/uploads\/2025\/12\/about.jpg\" class=\"attachment-full size-full wp-image-3724\" alt=\"\" srcset=\"https:\/\/2026.b2oceans.com\/wp-content\/uploads\/2025\/12\/about.jpg 817w, https:\/\/2026.b2oceans.com\/wp-content\/uploads\/2025\/12\/about-300x237.jpg 300w, https:\/\/2026.b2oceans.com\/wp-content\/uploads\/2025\/12\/about-768x606.jpg 768w, https:\/\/2026.b2oceans.com\/wp-content\/uploads\/2025\/12\/about-15x12.jpg 15w, https:\/\/2026.b2oceans.com\/wp-content\/uploads\/2025\/12\/about-370x292.jpg 370w, https:\/\/2026.b2oceans.com\/wp-content\/uploads\/2025\/12\/about-410x324.jpg 410w\" sizes=\"(max-width: 817px) 100vw, 817px\" \/>\t\t\t\t\t\t\t\t\t\t\t\t\t\t\t<\/div>\n\t\t\t\t<\/div>\n\t\t<div class=\"elementor-element elementor-element-70341ea e-con-full e-flex sc_layouts_column_icons_position_left e-con e-child\" data-id=\"70341ea\" data-element_type=\"container\">\n\t\t\t\t<div data-animation-type=\"block\" class=\"elementor-element elementor-element-7a30e9d animation_type_block sc_fly_static elementor-invisible elementor-widget elementor-widget-image\" data-id=\"7a30e9d\" data-element_type=\"widget\" data-settings=\"{&quot;_animation&quot;:&quot;ta_fadeinup&quot;,&quot;_animation_delay&quot;:100}\" data-widget_type=\"image.default\">\n\t\t\t\t\t\t\t\t\t\t\t\t\t\t\t<img decoding=\"async\" width=\"1205\" height=\"725\" src=\"https:\/\/2026.b2oceans.com\/wp-content\/uploads\/2025\/12\/about-us.jpg\" class=\"attachment-full size-full wp-image-3728\" alt=\"\" srcset=\"https:\/\/2026.b2oceans.com\/wp-content\/uploads\/2025\/12\/about-us.jpg 1205w, https:\/\/2026.b2oceans.com\/wp-content\/uploads\/2025\/12\/about-us-300x180.jpg 300w, https:\/\/2026.b2oceans.com\/wp-content\/uploads\/2025\/12\/about-us-1024x616.jpg 1024w, https:\/\/2026.b2oceans.com\/wp-content\/uploads\/2025\/12\/about-us-768x462.jpg 768w, https:\/\/2026.b2oceans.com\/wp-content\/uploads\/2025\/12\/about-us-18x12.jpg 18w, https:\/\/2026.b2oceans.com\/wp-content\/uploads\/2025\/12\/about-us-370x223.jpg 370w, https:\/\/2026.b2oceans.com\/wp-content\/uploads\/2025\/12\/about-us-924x556.jpg 924w, https:\/\/2026.b2oceans.com\/wp-content\/uploads\/2025\/12\/about-us-410x247.jpg 410w\" sizes=\"(max-width: 1205px) 100vw, 1205px\" \/>\t\t\t\t\t\t\t\t\t\t\t\t\t\t\t<\/div>\n\t\t\t\t<\/div>\n\t\t\t\t<\/div>\n\t\t<div class=\"elementor-element elementor-element-18fe3a2 e-con-full e-flex sc_layouts_column_icons_position_left e-con e-child\" data-id=\"18fe3a2\" data-element_type=\"container\">\n\t\t<div data-animation-type=\"block\" class=\"elementor-element elementor-element-33527aa e-con-full e-flex sc_layouts_column_icons_position_left animation_type_block elementor-invisible e-con e-child\" data-id=\"33527aa\" data-element_type=\"container\" data-settings=\"{&quot;animation&quot;:&quot;ta_fadeinup&quot;}\">\n\t\t\t\t<div class=\"elementor-element elementor-element-902c1d7 sc_fly_static elementor-widget elementor-widget-heading\" data-id=\"902c1d7\" data-element_type=\"widget\" data-widget_type=\"heading.default\">\n\t\t\t\t\t<h6 class=\"elementor-heading-title elementor-size-default\">Innovative IT Solutions<\/h6>\t\t\t\t<\/div>\n\t\t\t\t<div class=\"elementor-element elementor-element-b953f63 sc_fly_static elementor-widget elementor-widget-heading\" data-id=\"b953f63\" data-element_type=\"widget\" data-widget_type=\"heading.default\">\n\t\t\t\t\t<h1 class=\"elementor-heading-title elementor-size-default\">Sobre N\u00f3s<\/h1>\t\t\t\t<\/div>\n\t\t\t\t<\/div>\n\t\t<div class=\"e-con-gap-no elementor-element elementor-element-d562fdf e-con-full e-flex sc_layouts_column_icons_position_left e-con e-child\" data-id=\"d562fdf\" data-element_type=\"container\">\n\t\t<div data-animation-type=\"block\" class=\"elementor-element elementor-element-5f44186 e-con-full e-flex sc_layouts_column_icons_position_left animation_type_block elementor-invisible e-con e-child\" data-id=\"5f44186\" data-element_type=\"container\" data-settings=\"{&quot;animation&quot;:&quot;ta_fadeinup&quot;,&quot;animation_delay&quot;:50}\">\n\t\t\t\t<div class=\"elementor-element elementor-element-1da2d02 sc_fly_static elementor-widget elementor-widget-heading\" data-id=\"1da2d02\" data-element_type=\"widget\" data-widget_type=\"heading.default\">\n\t\t\t\t\t<h6 class=\"elementor-heading-title elementor-size-default\">Por que nos escolher<\/h6>\t\t\t\t<\/div>\n\t\t\t\t<div class=\"elementor-element elementor-element-dd83e2a sc_fly_static elementor-widget elementor-widget-text-editor\" data-id=\"dd83e2a\" data-element_type=\"widget\" data-widget_type=\"text-editor.default\">\n\t\t\t\t\t\t\t\t\t<p>A B2Oceans n\u00e3o \u00e9 uma ag\u00eancia digital convencional. Somos especialistas em IA, Automa\u00e7\u00e3o, integra\u00e7\u00e3o de WhatsApp, desenvolvimento WordPress, solu\u00e7\u00f5es SaaS e Apps M\u00f3veis. Nossa equipe une inova\u00e7\u00e3o e know-how t\u00e9cnico para transformar seu neg\u00f3cio em uma pot\u00eancia digital. N\u00e3o entregamos apenas linhas de c\u00f3digo; dedicamos tempo para entender seus desafios \u00fanicos e criar solu\u00e7\u00f5es sob medida que impulsionam o crescimento real. Confie em n\u00f3s para elevar sua presen\u00e7a online e desbloquear todo o potencial da sua empresa.<\/p>\t\t\t\t\t\t\t\t<\/div>\n\t\t\t\t<\/div>\n\t\t<div data-animation-type=\"block\" class=\"elementor-element elementor-element-1c29c73 e-con-full e-flex sc_layouts_column_icons_position_left animation_type_block elementor-invisible e-con e-child\" data-id=\"1c29c73\" data-element_type=\"container\" data-settings=\"{&quot;animation&quot;:&quot;ta_fadeinup&quot;,&quot;animation_delay&quot;:100}\">\n\t\t\t\t<div class=\"elementor-element elementor-element-d67e439 sc_fly_static elementor-widget elementor-widget-heading\" data-id=\"d67e439\" data-element_type=\"widget\" data-widget_type=\"heading.default\">\n\t\t\t\t\t<h6 class=\"elementor-heading-title elementor-size-default\">Nossa Miss\u00e3o<\/h6>\t\t\t\t<\/div>\n\t\t\t\t<div class=\"elementor-element elementor-element-628f204 sc_fly_static elementor-widget elementor-widget-text-editor\" data-id=\"628f204\" data-element_type=\"widget\" data-widget_type=\"text-editor.default\">\n\t\t\t\t\t\t\t\t\tEm nossa ess\u00eancia, somos movidos pela miss\u00e3o de empoderar pessoas e despertar seu potencial m\u00e1ximo. Com paix\u00e3o pela criatividade e inova\u00e7\u00e3o, nos esfor\u00e7amos para desafiar o status quo e inspirar o crescimento. Atrav\u00e9s de nossa equipe dedicada, visamos entregar experi\u00eancias excepcionais, promovendo conex\u00f5es significativas e impulsionando mudan\u00e7as positivas. Juntos, vamos embarcar em uma jornada que transcende fronteiras, desbloqueando possibilidades ilimitadas. Junte-se a n\u00f3s na constru\u00e7\u00e3o de um futuro mais brilhante.\t\t\t\t\t\t\t\t<\/div>\n\t\t\t\t<\/div>\n\t\t\t\t<\/div>\n\t\t\t\t<\/div>\n\t\t\t\t<\/div>\n\t\t<div class=\"elementor-element elementor-element-5cc965a e-con-full e-flex sc_layouts_column_icons_position_left e-con e-parent\" data-id=\"5cc965a\" data-element_type=\"container\" data-settings=\"{&quot;background_background&quot;:&quot;classic&quot;}\">\n\t\t<div class=\"elementor-element elementor-element-5ca97d4 e-con-full e-flex sc_layouts_column_icons_position_left e-con e-child\" data-id=\"5ca97d4\" data-element_type=\"container\">\n\t\t<div class=\"elementor-element elementor-element-d68fe5a e-con-full e-flex sc_layouts_column_icons_position_left e-con e-child\" data-id=\"d68fe5a\" data-element_type=\"container\">\n\t\t\t\t<div data-animation-type=\"block\" class=\"elementor-element elementor-element-01525d1 elementor-widget__width-initial animation_type_block sc_fly_static elementor-invisible elementor-widget elementor-widget-heading\" data-id=\"01525d1\" data-element_type=\"widget\" data-settings=\"{&quot;_animation&quot;:&quot;ta_fadeinup&quot;}\" data-widget_type=\"heading.default\">\n\t\t\t\t\t<h1 class=\"elementor-heading-title elementor-size-default\">Impulsionamos neg\u00f3cios modernos com solu\u00e7\u00f5es digitais inteligentes.<\/h1>\t\t\t\t<\/div>\n\t\t\t\t<\/div>\n\t\t<div class=\"elementor-element elementor-element-c7af702 e-con-full e-flex sc_layouts_column_icons_position_left e-con e-child\" data-id=\"c7af702\" data-element_type=\"container\">\n\t\t\t\t<div data-animation-type=\"block\" class=\"elementor-element elementor-element-05049d8 animation_type_block sc_fly_static elementor-invisible elementor-widget elementor-widget-button\" data-id=\"05049d8\" data-element_type=\"widget\" data-settings=\"{&quot;_animation&quot;:&quot;ta_fadeinup&quot;,&quot;_animation_delay&quot;:100}\" data-widget_type=\"button.default\">\n\t\t\t\t\t\t\t\t\t\t<a class=\"elementor-button elementor-button-link elementor-size-sm\" href=\"https:\/\/2026.b2oceans.com\/pt\/services\/\">\n\t\t\t\t\t\t<span class=\"elementor-button-content-wrapper\">\n\t\t\t\t\t\t\t\t\t<span class=\"elementor-button-text\">Nossos Servi\u00e7os<\/span>\n\t\t\t\t\t<\/span>\n\t\t\t\t\t<\/a>\n\t\t\t\t\t\t\t\t<\/div>\n\t\t\t\t<\/div>\n\t\t\t\t<\/div>\n\t\t\t\t<\/div>\n\t\t\t\t<\/div>","protected":false},"excerpt":{"rendered":"<p>Innovative IT Solutions About Us Why Choose Us B2Oceans is not your average&hellip;<\/p>","protected":false},"author":1,"featured_media":0,"parent":0,"menu_order":0,"comment_status":"closed","ping_status":"closed","template":"","meta":{"give_campaign_id":0,"footnotes":""},"class_list":["post-367","page","type-page","status-publish","hentry"],"campaignId":"","_links":{"self":[{"href":"https:\/\/2026.b2oceans.com\/pt\/wp-json\/wp\/v2\/pages\/367","targetHints":{"allow":["GET"]}}],"collection":[{"href":"https:\/\/2026.b2oceans.com\/pt\/wp-json\/wp\/v2\/pages"}],"about":[{"href":"https:\/\/2026.b2oceans.com\/pt\/wp-json\/wp\/v2\/types\/page"}],"author":[{"embeddable":true,"href":"https:\/\/2026.b2oceans.com\/pt\/wp-json\/wp\/v2\/users\/1"}],"replies":[{"embeddable":true,"href":"https:\/\/2026.b2oceans.com\/pt\/wp-json\/wp\/v2\/comments?post=367"}],"version-history":[{"count":0,"href":"https:\/\/2026.b2oceans.com\/pt\/wp-json\/wp\/v2\/pages\/367\/revisions"}],"wp:attachment":[{"href":"https:\/\/2026.b2oceans.com\/pt\/wp-json\/wp\/v2\/media?parent=367"}],"curies":[{"name":"wp","href":"https:\/\/api.w.org\/{rel}","templated":true}]}}