{"id":3,"date":"2024-09-16T09:34:31","date_gmt":"2024-09-16T09:34:31","guid":{"rendered":"https:\/\/2026.b2oceans.com\/?page_id=3"},"modified":"2025-12-23T14:28:29","modified_gmt":"2025-12-23T19:28:29","slug":"privacy-policy","status":"publish","type":"page","link":"https:\/\/2026.b2oceans.com\/pt\/privacy-policy\/","title":{"rendered":"Pol\u00edtica de Privacidade"},"content":{"rendered":"<div data-elementor-type=\"wp-page\" data-elementor-id=\"3\" class=\"elementor elementor-3\" data-elementor-post-type=\"page\">\n\t\t\t\t<div class=\"e-con-with-custom-width elementor-element elementor-element-8a88b60 e-flex e-con-boxed sc_layouts_column_icons_position_left e-con e-parent\" data-id=\"8a88b60\" data-element_type=\"container\" data-no-translation=\"\">\n\t\t\t\t\t<div class=\"e-con-inner\">\n\t\t\t\t<div class=\"elementor-element elementor-element-fff0cf2 sc_fly_static elementor-widget elementor-widget-text-editor\" data-id=\"fff0cf2\" data-element_type=\"widget\" data-widget_type=\"text-editor.default\">\n\t\t\t\t\t\t\t\t\t<p style=\"text-align: justify;\">A pol\u00edtica de privacidade do nosso site B2Oceans tem o compromisso de proteger os seus dados pessoais de acordo com a Lei Geral de Prote\u00e7\u00e3o de Dados. Priorizamos a seguran\u00e7a dos dados atrav\u00e9s de medidas eficientes de seguran\u00e7a cibern\u00e9tica e podemos compartilhar dados com terceiros confi\u00e1veis para os fins descritos. Utilizamos cookies para melhorar a sua experi\u00eancia de usu\u00e1rio, que podem ser gerenciados nas configura\u00e7\u00f5es do seu navegador. Revise esta pol\u00edtica periodicamente para atualiza\u00e7\u00f5es. Tanto voc\u00ea quanto a B2Oceans s\u00e3o respons\u00e1veis por proteger os dados que voc\u00ea fornece e aderimos \u00e0s diretrizes estabelecidas pela Autoridade Nacional de Prote\u00e7\u00e3o de Dados. Contacte-nos para qualquer d\u00favida ou para exercer os seus direitos de titular de dados. A B2OCEANS SA, tamb\u00e9m conhecida como \u201cB2OCEANS\u201d, est\u00e1 totalmente comprometida em cumprir esta Pol\u00edtica de Privacidade como Controladora de Dados.<\/p>\n<h4 style=\"text-align: justify;\">1. QUE DADOS COLETAMOS SOBRE VOC\u00ca E PARA QUE FINALIDADE?<\/h4>\n<p style=\"text-align: justify;\">O nosso site recolhe e utiliza alguns dos seus dados pessoais com o objetivo de possibilitar a presta\u00e7\u00e3o de servi\u00e7os e melhorar a experi\u00eancia do utilizador.<\/p>\n<h6 style=\"text-align: justify;\">1.1. Dados pessoais fornecidos pelo titular<\/h6>\n<ul style=\"text-align: justify;\">\n<li>Nome<\/li>\n<li>E-mail<\/li>\n<li>Whatsapp<\/li>\n<\/ul>\n<p style=\"text-align: justify;\">Finalidade dos dados: Identifica\u00e7\u00e3o para melhor atendimento.<\/p>\n<h6 style=\"text-align: justify;\">1.2. Dados pessoais recolhidos automaticamente<\/h6>\n<ul style=\"text-align: justify;\">\n<li>PI<\/li>\n<li>Nome do dispositivo<\/li>\n<li>Vers\u00e3o do sistema operacional<\/li>\n<li>Configura\u00e7\u00e3o de servi\u00e7o<\/li>\n<li>Link da p\u00e1gina<\/li>\n<li>Data e hora<\/li>\n<\/ul>\n<p style=\"text-align: justify;\">Finalidade dos dados: Identifica\u00e7\u00e3o para melhorar o nosso servi\u00e7o.<\/p>\n<h4 style=\"text-align: justify;\">2. COMO RECOLHEMOS OS SEUS DADOS?<\/h4>\n<p style=\"text-align: justify;\">Neste sentido, a recolha dos seus dados pessoais ocorre da seguinte forma:<\/p>\n<ul style=\"text-align: justify;\">\n<li>Formul\u00e1rio de contato no site<\/li>\n<li>Registros de dados<\/li>\n<\/ul>\n<p>Em caso de erro em nosso site ou nas ferramentas de parceiros, os registros de dados podem incluir informa\u00e7\u00f5es como endere\u00e7o IP do dispositivo, nome do dispositivo, vers\u00e3o do sistema operacional, configura\u00e7\u00e3o do site ao usar nosso servi\u00e7o, hora e data de uso do Servi\u00e7o e outras estat\u00edsticas .<\/p>\n<h6 style=\"text-align: justify;\">2.1. Consentimento<\/h6>\n<p style=\"text-align: justify;\">\u00c9 com base no seu consentimento que processamos os seus dados pessoais. O consentimento \u00e9 a express\u00e3o livre, informada e inequ\u00edvoca pela qual autoriza a B2OCEANS a tratar os seus dados.<\/p>\n<p style=\"text-align: justify;\">Portanto, de acordo com a Lei Geral de Prote\u00e7\u00e3o de Dados, seus dados somente ser\u00e3o coletados, processados e armazenados mediante consentimento pr\u00e9vio e expresso.<\/p>\n<p style=\"text-align: justify;\">O seu consentimento ser\u00e1 obtido especificamente para cada finalidade descrita acima, demonstrando o compromisso da B2OCEANS com a transpar\u00eancia e a boa f\u00e9 para com os seus usu\u00e1rios\/clientes, seguindo a regulamenta\u00e7\u00e3o legislativa pertinente.<\/p>\n<p style=\"text-align: justify;\">Ao utilizar os servi\u00e7os da B2OCEANS e fornecer seus dados pessoais, voc\u00ea est\u00e1 ciente e consente com o disposto nesta Pol\u00edtica de Privacidade, al\u00e9m de conhecer seus direitos e como exerc\u00ea-los.<\/p>\n<p style=\"text-align: justify;\">A qualquer momento e sem nenhum custo, voc\u00ea poder\u00e1 revogar seu consentimento.<\/p>\n<p style=\"text-align: justify;\">\u00c9 importante destacar que a revoga\u00e7\u00e3o do consentimento para tratamento de dados poder\u00e1 resultar na impossibilidade de desempenho adequado de algumas funcionalidades do site que dependem do funcionamento. Tais consequ\u00eancias ser\u00e3o informadas previamente.<\/p>\n<h4 style=\"text-align: justify;\">3. QUAIS S\u00c3O OS SEUS DIREITOS?<\/h4>\n<p style=\"text-align: justify;\">A B2OCEANS assegura aos seus utilizadores\/clientes os seus direitos previstos no artigo 18 da Lei Geral de Prote\u00e7\u00e3o de Dados. Desta forma, voc\u00ea pode, gratuitamente e a qualquer momento:<\/p>\n<ul>\n<li style=\"text-align: justify;\">Confirmar a exist\u00eancia de tratamento de dados, de forma simplificada ou num formato claro e completo. Aceder aos seus dados, podendo solicit\u00e1-los em c\u00f3pia impressa leg\u00edvel ou por via eletr\u00f3nica, segura e adequada.<\/li>\n<li style=\"text-align: justify;\">Corrija seus dados ao solicitar sua edi\u00e7\u00e3o, corre\u00e7\u00e3o ou atualiza\u00e7\u00e3o.<\/li>\n<li style=\"text-align: justify;\">Limitar os seus dados quando desnecess\u00e1rios, excessivos ou tratados em desconformidade com a legisla\u00e7\u00e3o atrav\u00e9s da anonimiza\u00e7\u00e3o, bloqueio ou elimina\u00e7\u00e3o.<\/li>\n<li style=\"text-align: justify;\">Solicitar a portabilidade dos seus dados, atrav\u00e9s de um relat\u00f3rio de dados cadastrais que a B2OCEANS processa a seu respeito.<\/li>\n<li style=\"text-align: justify;\">Eliminar os seus dados tratados com o seu consentimento, exceto nos casos previstos na lei.<\/li>\n<li style=\"text-align: justify;\">Revogar o seu consentimento, negando o tratamento dos seus dados. Informe-se sobre a possibilidade de n\u00e3o fornecer o seu consentimento e as consequ\u00eancias de recus\u00e1-lo.<\/li>\n<\/ul>\n<h4 style=\"text-align: justify;\">4. COMO PODE EXERCER OS SEUS DIREITOS COMO TITULAR?<\/h4>\n<p style=\"text-align: justify;\">Para exercer os seus direitos como titular dever\u00e1 contactar a B2OCEANS atrav\u00e9s dos seguintes meios dispon\u00edveis:<\/p>\n<ul style=\"text-align: justify;\">\n<li>Forma: <a href=\"https:\/\/www.b2oceans.com\/pt-br\/contato\/\">https:\/\/www.b2oceans.com\/contact<\/a><\/li>\n<li>E-mail: <a href=\"mailto:contact@b2oceans.com\">contact@b2oceans.com<\/a><\/li>\n<li>Whatsapp: <a href=\"https:\/\/wa.me\/50766553180\" target=\"_blank\" rel=\"noopener nofollow\">+507 6655 3180<\/a><\/li>\n<\/ul>\n<p style=\"text-align: justify;\">Para garantir a sua correta identifica\u00e7\u00e3o como titular dos dados pessoais objeto do pedido, poderemos solicitar documentos ou outros meios de prova que comprovem a sua identidade. Neste caso, voc\u00ea ser\u00e1 informado com anteced\u00eancia.<\/p>\n<h4 style=\"text-align: justify;\">5. COMO E POR QUANTO TEMPO SER\u00c3O ARMAZENADOS OS SEUS DADOS?<\/h4>\n<p style=\"text-align: justify;\">Seus dados pessoais coletados pela B2OCEANS ser\u00e3o utilizados e armazenados pelo tempo necess\u00e1rio \u00e0 presta\u00e7\u00e3o do servi\u00e7o ou para que as finalidades elencadas nesta Pol\u00edtica de Privacidade sejam alcan\u00e7adas, observados os direitos dos titulares e controladores dos dados.<\/p>\n<p style=\"text-align: justify;\">Em geral, os seus dados ser\u00e3o conservados enquanto durar a rela\u00e7\u00e3o contratual entre voc\u00ea e a B2OCEANS. Uma vez conservados os dados pessoais durante um per\u00edodo de tempo, os mesmos ser\u00e3o eliminados das nossas bases de dados ou anonimizados, salvo nos casos legalmente previstos no artigo 16.\u00ba da lei geral de prote\u00e7\u00e3o de dados, nomeadamente:<\/p>\n<p style=\"text-align: justify;\">I \u2013 cumprimento de obriga\u00e7\u00f5es legais ou regulamentares por parte do controlador;<\/p>\n<p style=\"text-align: justify;\">II \u2013 estudo por \u00f3rg\u00e3o de pesquisa, garantindo, sempre que poss\u00edvel, a anonimiza\u00e7\u00e3o dos dados pessoais;<\/p>\n<p style=\"text-align: justify;\">III \u2013 transfer\u00eancia a terceiro, desde que respeitados os requisitos de tratamento de dados previstos nesta Lei; ou<\/p>\n<p style=\"text-align: justify;\">IV \u2013 uso exclusivo do controlador, sendo vedado o acesso de terceiros, e desde que anonimizados os dados.<\/p>\n<p style=\"text-align: justify;\">Ou seja, ser\u00e3o mantidas informa\u00e7\u00f5es pessoais sobre voc\u00ea que sejam essenciais para o cumprimento de ordens legais, judiciais e administrativas e\/ou para o exerc\u00edcio do direito de defesa em processos judiciais e administrativos, apesar da exclus\u00e3o de outros dados.<\/p>\n<p style=\"text-align: justify;\">O armazenamento dos dados recolhidos pela B2OCEANS reflete o nosso compromisso com a seguran\u00e7a e privacidade dos seus dados. Empregamos medidas e solu\u00e7\u00f5es t\u00e9cnicas de prote\u00e7\u00e3o capazes de garantir a confidencialidade, integridade e inviolabilidade dos seus dados. Al\u00e9m disso, tamb\u00e9m possu\u00edmos medidas de seguran\u00e7a adequadas aos riscos e controlamos o acesso \u00e0s informa\u00e7\u00f5es armazenadas.<\/p>\n<h4 style=\"text-align: justify;\">6. O QUE FAZEMOS PARA MANTER OS SEUS DADOS SEGUROS?<\/h4>\n<p style=\"text-align: justify;\">Para manter suas informa\u00e7\u00f5es pessoais seguras, utilizamos ferramentas f\u00edsicas, eletr\u00f4nicas e gerenciais que visam proteger sua privacidade.<\/p>\n<p style=\"text-align: justify;\">Aplicamos estas ferramentas tendo em conta a natureza dos dados pessoais recolhidos, o contexto e a finalidade do tratamento e os riscos que poss\u00edveis viola\u00e7\u00f5es gerariam para os direitos e liberdades do titular dos dados recolhidos e tratados.<\/p>\n<p style=\"text-align: justify;\">Dentre as medidas que adotamos, destacamos as seguintes:<\/p>\n<ul style=\"text-align: justify;\">\n<li>Apenas pessoas autorizadas t\u00eam acesso aos seus dados pessoais;<\/li>\n<li>O acesso aos seus dados pessoais s\u00f3 \u00e9 feito ap\u00f3s compromisso de confidencialidade;<\/li>\n<li>Os seus dados pessoais s\u00e3o armazenados em ambiente seguro e adequado.<\/li>\n<\/ul>\n<p style=\"text-align: justify;\">A B2OCEANS est\u00e1 empenhada em adotar as melhores posturas para evitar incidentes de seguran\u00e7a. Por\u00e9m, \u00e9 preciso destacar que nenhuma p\u00e1gina virtual \u00e9 totalmente segura e isenta de riscos. \u00c9 poss\u00edvel que, apesar de todos os nossos protocolos de seguran\u00e7a, possam ocorrer problemas de culpa exclusiva de terceiros, como ataques cibern\u00e9ticos de hackers, ou tamb\u00e9m por neglig\u00eancia ou imprud\u00eancia do pr\u00f3prio usu\u00e1rio\/cliente.<\/p>\n<p style=\"text-align: justify;\">Na ocorr\u00eancia de incidentes de seguran\u00e7a que possam gerar risco ou dano significativo a voc\u00ea ou a algum de nossos usu\u00e1rios\/clientes, comunicaremos aos afetados e \u00e0 Autoridade Nacional de Prote\u00e7\u00e3o de Dados sobre o ocorrido, de acordo com o disposto na Lei Geral de Prote\u00e7\u00e3o de Dados. . Dados.<\/p>\n<h4 style=\"text-align: justify;\">7. COM QUEM PODEM SER COMPARTILHADOS SEUS DADOS?<\/h4>\n<p style=\"text-align: justify;\">De forma a preservar a sua privacidade, a B2OCEANS n\u00e3o partilhar\u00e1 os seus dados pessoais com terceiros n\u00e3o autorizados.<\/p>\n<p style=\"text-align: justify;\">Os seus dados poder\u00e3o ser partilhados com os nossos parceiros comerciais:<\/p>\n<p style=\"text-align: justify;\">\u2013Google\u2122<\/p>\n<p style=\"text-align: justify;\">Eles recebem seus dados apenas na medida necess\u00e1ria \u00e0 presta\u00e7\u00e3o dos servi\u00e7os contratados e nossos contratos s\u00e3o norteados pelas normas de prote\u00e7\u00e3o de dados do ordenamento jur\u00eddico.<\/p>\n<p style=\"text-align: justify;\">No entanto, os nossos parceiros t\u00eam as suas pr\u00f3prias Pol\u00edticas de Privacidade, que podem diferir desta. Recomendamos a leitura destes documentos, que voc\u00ea pode acessar aqui:<\/p>\n<p style=\"text-align: justify;\">Google\u2122: <a href=\"https:\/\/policies.google.com\/privacy\" rel=\"nofollow noopener\" target=\"_blank\">https:\/\/policies.google.com\/privacy<\/a><\/p>\n<p style=\"text-align: justify;\">Al\u00e9m disso, existem tamb\u00e9m outras hip\u00f3teses em que os seus dados poder\u00e3o ser partilhados, que s\u00e3o:<\/p>\n<p style=\"text-align: justify;\">I \u2013 Determina\u00e7\u00e3o legal, requerimento, requisi\u00e7\u00e3o ou ordem judicial, junto \u00e0s autoridades judiciais, administrativas ou governamentais competentes.<\/p>\n<p style=\"text-align: justify;\">II \u2013 Caso de opera\u00e7\u00f5es societ\u00e1rias, como fus\u00e3o, aquisi\u00e7\u00e3o e incorpora\u00e7\u00e3o, automaticamente<\/p>\n<p style=\"text-align: justify;\">III \u2013 Prote\u00e7\u00e3o dos direitos da (denomina\u00e7\u00e3o empresarial simplificada) em qualquer tipo de conflito, inclusive os de natureza judicial.<\/p>\n<h6 style=\"text-align: justify;\">7.1. Transfer\u00eancia internacional de dados<\/h6>\n<p style=\"text-align: justify;\">Alguns dos terceiros com quem partilhamos os seus dados podem estar localizados ou ter instala\u00e7\u00f5es localizadas em pa\u00edses estrangeiros. Nestas condi\u00e7\u00f5es, em qualquer caso, os seus dados pessoais estar\u00e3o sujeitos \u00e0 Lei Geral de Prote\u00e7\u00e3o de Dados.<\/p>\n<p style=\"text-align: justify;\">Neste sentido, a B2OCEANS compromete-se a adotar sempre padr\u00f5es eficientes de ciberseguran\u00e7a e prote\u00e7\u00e3o de dados, nos melhores esfor\u00e7os para garantir e cumprir os requisitos legislativos.<\/p>\n<p style=\"text-align: justify;\">Ao concordar com esta Pol\u00edtica de Privacidade, voc\u00ea concorda com esse compartilhamento, que ocorrer\u00e1 de acordo com as finalidades descritas neste instrumento.<\/p>\n<h4 style=\"text-align: justify;\">8. COOKIES OU DADOS DE NAVEGA\u00c7\u00c3O<\/h4>\n<p style=\"text-align: justify;\">A B2OCEANS utiliza Cookies, que s\u00e3o arquivos de texto enviados pela plataforma para o seu computador e a\u00ed armazenados, contendo informa\u00e7\u00f5es relacionadas \u00e0 navega\u00e7\u00e3o no site. Em suma, os Cookies s\u00e3o utilizados para melhorar a experi\u00eancia do utilizador.<\/p>\n<p style=\"text-align: justify;\">Ao aceder ao nosso website e consentir a utiliza\u00e7\u00e3o de Cookies, reconhece e aceita a utiliza\u00e7\u00e3o de um sistema de recolha de dados de navega\u00e7\u00e3o com utiliza\u00e7\u00e3o de Cookies no seu dispositivo.<\/p>\n<p style=\"text-align: justify;\">A B2OCEANS utiliza os seguintes Cookies:<\/p>\n<ul style=\"text-align: justify;\">\n<li>Cookies de sess\u00e3o: S\u00e3o tempor\u00e1rios at\u00e9 sair do site;<\/li>\n<li>Cookies persistentes: Permanecem no dispositivo por muito mais tempo ou at\u00e9 serem exclu\u00eddos manualmente pelo usu\u00e1rio.<\/li>\n<\/ul>\n<p style=\"text-align: justify;\">Voc\u00ea pode, a qualquer momento e sem nenhum custo, alterar permiss\u00f5es, bloquear ou recusar Cookies. No entanto, a revoga\u00e7\u00e3o do consentimento para determinados Cookies poder\u00e1 impedir o correto funcionamento de algumas funcionalidades da plataforma.<\/p>\n<p style=\"text-align: justify;\">Para gerir os cookies do seu navegador, basta faz\u00ea-lo diretamente nas configura\u00e7\u00f5es do seu navegador, na \u00e1rea de gest\u00e3o de Cookies. Voc\u00ea pode acessar tutoriais sobre o tema diretamente pelos links abaixo:<\/p>\n<ul style=\"text-align: justify;\">\n<li>Se voc\u00ea usa o&nbsp;<strong><a href=\"https:\/\/support.microsoft.com\/pt-br\/help\/17442\/windows-internet-explorer-delete-manage-cookies\" rel=\"nofollow noopener\" target=\"_blank\">Internet Explorer<\/a><\/strong>.<\/li>\n<li>Se voc\u00ea usa o&nbsp;<strong><a href=\"https:\/\/support.mozilla.org\/pt-BR\/kb\/gerencie-configuracoes-de-armazenamento-local-de-s\" rel=\"nofollow noopener\" target=\"_blank\">Raposa de fogo<\/a><\/strong>.<\/li>\n<li>Se voc\u00ea usa o&nbsp;<strong><a href=\"https:\/\/support.apple.com\/pt-br\/guide\/safari\/sfri11471\/mac\" rel=\"nofollow noopener\" target=\"_blank\">Saf\u00e1ri<\/a><\/strong>.<\/li>\n<li>Se voc\u00ea usa o&nbsp;<strong><a href=\"https:\/\/support.google.com\/chrome\/answer\/95647?co=GENIE.Platform%3DDesktop&amp;oco=1&amp;hl=pt-BR\" rel=\"nofollow noopener\" target=\"_blank\">Google Chrome<\/a><\/strong>.<\/li>\n<li>Se voc\u00ea usa o&nbsp;<strong><a href=\"https:\/\/support.microsoft.com\/pt-br\/help\/4027947\/microsoft-edge-delete-cookies\" rel=\"nofollow noopener\" target=\"_blank\">Microsoft borda<\/a><\/strong>.<\/li>\n<\/ul>\n<h4 style=\"text-align: justify;\">9. ALTERA\u00c7\u00d5ES A ESTA POL\u00cdTICA DE PRIVACIDADE<\/h4>\n<p style=\"text-align: justify;\">A vers\u00e3o atual da Pol\u00edtica de Privacidade foi formulada e atualizada pela \u00faltima vez em 10 de fevereiro de 2021.<\/p>\n<p style=\"text-align: justify;\">Reservamo-nos o direito de modificar esta Pol\u00edtica de Privacidade a qualquer momento, principalmente para adapt\u00e1-la a quaisquer altera\u00e7\u00f5es feitas em nosso site ou na legisla\u00e7\u00e3o. Recomendamos que voc\u00ea o revise com frequ\u00eancia.<\/p>\n<p style=\"text-align: justify;\">Quaisquer altera\u00e7\u00f5es entrar\u00e3o em vigor assim que forem publicadas no nosso site e iremos sempre notific\u00e1-lo das altera\u00e7\u00f5es ocorridas.<\/p>\n<p style=\"text-align: justify;\">Ao utilizar nossos servi\u00e7os e fornecer seus dados pessoais ap\u00f3s tais modifica\u00e7\u00f5es, voc\u00ea concorda com eles.<\/p>\n<h4 style=\"text-align: justify;\">10. RESPONSABILIDADE<\/h4>\n<p style=\"text-align: justify;\">A B2OCEANS disp\u00f5e sobre a responsabilidade dos agentes que atuam nos processos de tratamento de dados, nos termos dos artigos 42 a 45 da Lei Geral de Prote\u00e7\u00e3o de Dados.<\/p>\n<p style=\"text-align: justify;\">Temos o compromisso de manter esta Pol\u00edtica de Privacidade atualizada, observando suas disposi\u00e7\u00f5es e zelando pelo seu cumprimento.<\/p>\n<p style=\"text-align: justify;\">Al\u00e9m disso, estamos tamb\u00e9m empenhados em procurar condi\u00e7\u00f5es t\u00e9cnicas e organizacionais que sejam capazes de proteger com seguran\u00e7a todo o processo de tratamento de dados.<\/p>\n<p style=\"text-align: justify;\">Caso a Autoridade Nacional de Prote\u00e7\u00e3o de Dados exija a ado\u00e7\u00e3o de medidas relativamente ao tratamento de dados efetuado pela B2OCEANS, comprometemo-nos a segui-las.<\/p>\n<h6 style=\"text-align: justify;\">10.1 Isen\u00e7\u00e3o de responsabilidade<\/h6>\n<p style=\"text-align: justify;\">Conforme mencionado no T\u00f3pico 6, embora adotemos elevados padr\u00f5es de seguran\u00e7a para evitar incidentes, nenhuma p\u00e1gina virtual est\u00e1 totalmente isenta de riscos. Neste sentido, a B2OCEANS n\u00e3o \u00e9 respons\u00e1vel por:<\/p>\n<p style=\"text-align: justify;\">I \u2013 Quaisquer consequ\u00eancias decorrentes de neglig\u00eancia, imprud\u00eancia ou incompet\u00eancia dos usu\u00e1rios em rela\u00e7\u00e3o aos seus dados individuais. Garantimos e somos apenas respons\u00e1veis pela seguran\u00e7a dos processos de tratamento de dados e pelo cumprimento das finalidades descritas neste instrumento.<\/p>\n<p style=\"text-align: justify;\">Ressaltamos que o usu\u00e1rio \u00e9 respons\u00e1vel pela confidencialidade dos dados de acesso.<\/p>\n<p style=\"text-align: justify;\">II \u2013 A\u00e7\u00f5es maliciosas de terceiros, tais como ataques de hackers, salvo se comprovada conduta culposa ou deliberada da B2OCEANS.<\/p>\n<p style=\"text-align: justify;\">Ressaltamos que caso ocorram incidentes de seguran\u00e7a que possam criar riscos ou danos significativos para voc\u00ea ou qualquer um de nossos usu\u00e1rios\/clientes, informaremos os afetados e a Autoridade Nacional de Prote\u00e7\u00e3o de Dados sobre o ocorrido e tomaremos as medidas necess\u00e1rias.<\/p>\n<p style=\"text-align: justify;\">III \u2013 Inexatid\u00e3o das informa\u00e7\u00f5es inseridas pelo usu\u00e1rio\/cliente nos registros necess\u00e1rios \u00e0 utiliza\u00e7\u00e3o dos servi\u00e7os da B2OCEANS; Quaisquer consequ\u00eancias decorrentes de informa\u00e7\u00f5es falsas ou inseridas de m\u00e1-f\u00e9 s\u00e3o de exclusiva responsabilidade do usu\u00e1rio\/cliente.<\/p>\n<h4 style=\"text-align: justify;\">11. OFICIAL DE PROTE\u00c7\u00c3O DE DADOS<\/h4>\n<p style=\"text-align: justify;\">A B2OCEANS disponibiliza os seguintes meios para que voc\u00ea entre em contato conosco para exercer seus direitos como titular:<\/p>\n<ul style=\"text-align: justify;\">\n<li>Forma: <a href=\"https:\/\/www.b2oceans.com\/pt-br\/contato\/\">https:\/\/www.b2oceans.com\/contact<\/a><\/li>\n<li>E-mail: <a href=\"mailto:contact@b2oceans.com\">contact@b2oceans.com<\/a><\/li>\n<li>Whatsapp: <a href=\"https:\/\/wa.me\/50766553180\" target=\"_blank\" rel=\"noopener nofollow\">+507 6655 3180<\/a><\/li>\n<\/ul>\n<p style=\"text-align: justify;\">Caso tenha d\u00favidas sobre esta Pol\u00edtica de Privacidade ou sobre os dados pessoais que tratamos, poder\u00e1 contactar o nosso Encarregado de Prote\u00e7\u00e3o de Dados Pessoais atrav\u00e9s dos seguintes canais:<\/p>\n<p style=\"text-align: justify;\">Forma: <a href=\"https:\/\/www.b2oceans.com\/pt-br\/contato\/\">https:\/\/www.b2oceans.com\/contact<\/a><\/p>\t\t\t\t\t\t\t\t<\/div>\n\t\t\t\t\t<\/div>\n\t\t\t\t<\/div>\n\t\t\t\t<\/div>","protected":false},"excerpt":{"rendered":"<p>The privacy policy of our B2Oceans website is committed to protecting your personal&hellip;<\/p>","protected":false},"author":1,"featured_media":0,"parent":0,"menu_order":0,"comment_status":"closed","ping_status":"closed","template":"","meta":{"give_campaign_id":0,"footnotes":""},"class_list":["post-3","page","type-page","status-publish","hentry"],"campaignId":"","_links":{"self":[{"href":"https:\/\/2026.b2oceans.com\/pt\/wp-json\/wp\/v2\/pages\/3","targetHints":{"allow":["GET"]}}],"collection":[{"href":"https:\/\/2026.b2oceans.com\/pt\/wp-json\/wp\/v2\/pages"}],"about":[{"href":"https:\/\/2026.b2oceans.com\/pt\/wp-json\/wp\/v2\/types\/page"}],"author":[{"embeddable":true,"href":"https:\/\/2026.b2oceans.com\/pt\/wp-json\/wp\/v2\/users\/1"}],"replies":[{"embeddable":true,"href":"https:\/\/2026.b2oceans.com\/pt\/wp-json\/wp\/v2\/comments?post=3"}],"version-history":[{"count":0,"href":"https:\/\/2026.b2oceans.com\/pt\/wp-json\/wp\/v2\/pages\/3\/revisions"}],"wp:attachment":[{"href":"https:\/\/2026.b2oceans.com\/pt\/wp-json\/wp\/v2\/media?parent=3"}],"curies":[{"name":"wp","href":"https:\/\/api.w.org\/{rel}","templated":true}]}}