{"id":4225,"date":"2025-12-23T11:57:15","date_gmt":"2025-12-23T16:57:15","guid":{"rendered":"https:\/\/2026.b2oceans.com\/?page_id=4225"},"modified":"2025-12-23T14:34:34","modified_gmt":"2025-12-23T19:34:34","slug":"terms-of-service","status":"publish","type":"page","link":"https:\/\/2026.b2oceans.com\/es\/terms-of-service\/","title":{"rendered":"T\u00e9rminos de Servicio"},"content":{"rendered":"<div data-elementor-type=\"wp-page\" data-elementor-id=\"4225\" class=\"elementor elementor-4225\" data-elementor-post-type=\"page\">\n\t\t\t\t<div class=\"e-con-with-custom-width elementor-element elementor-element-a310290 e-flex e-con-boxed sc_layouts_column_icons_position_left e-con e-parent\" data-id=\"a310290\" data-element_type=\"container\" data-no-translation=\"\">\n\t\t\t\t\t<div class=\"e-con-inner\">\n\t\t\t\t<div class=\"elementor-element elementor-element-a7bf138 sc_fly_static elementor-widget elementor-widget-text-editor\" data-id=\"a7bf138\" data-element_type=\"widget\" data-widget_type=\"text-editor.default\">\n\t\t\t\t\t\t\t\t\t<p style=\"text-align: justify;\">Este registro describe los t\u00e9rminos de uso de B2Oceans y le brinda informaci\u00f3n importante sobre c\u00f3mo manejamos y protegemos sus datos personales dentro de nuestra plataforma. Para continuar, es esencial que lea atentamente, comprenda y acepte los T\u00e9rminos de B2Oceans. S\u00f3lo una vez completado esto, podr\u00e1 crear una cuenta con nosotros. No olvide revisar nuestra Pol\u00edtica de privacidad para obtener detalles completos sobre c\u00f3mo administramos la informaci\u00f3n enviada.<\/p>\n<h4 style=\"text-align: justify;\">1. DEFINICIONES<\/h4>\n<p style=\"text-align: justify;\">\u201cNosotros\u201d, \u201cNuestro\u201d o \u201cNuestro\u201d se refiere a B2OCEANS SA (\u201cB2OCEANS\u201d), la entidad jur\u00eddica que mantiene y es responsable del Sitio Web.<\/p>\n<p style=\"text-align: justify;\">\u201cB2Oceans\u201d es el sitio web al que se puede acceder desde la direcci\u00f3n \u201c<a href=\"https:\/\/www.b2oceans.com\/es\/\">https:\/\/www.b2oceans.com<\/a>\u201c, incluyendo todas sus p\u00e1ginas y recursos.<\/p>\n<p style=\"text-align: justify;\">\u201cPartes\u201d se refiere tanto al Usuario como a Nosotros, sin distinci\u00f3n.<\/p>\n<p style=\"text-align: justify;\">\u201cServicios\u201d se refiere a los siguientes servicios proporcionados directamente por Nosotros a trav\u00e9s de Nuestro Sitio:<\/p>\n<p style=\"text-align: justify;\">Servicios de mantenimiento de WordPress<\/p>\n<p style=\"text-align: justify;\">\u201cNuestro Contenido\u201d se refiere a toda la informaci\u00f3n o datos publicados o puestos a disposici\u00f3n directamente por Nosotros en el Sitio, incluidos, entre otros, textos, im\u00e1genes, videos y audios.<\/p>\n<p style=\"text-align: justify;\">\u201cContenido de Terceros\u201d se refiere a toda la informaci\u00f3n o datos publicados o puestos a disposici\u00f3n en el Sitio por terceros, Usuarios o no, incluidos, entre otros, textos, im\u00e1genes, videos, audios y enlaces.<\/p>\n<p style=\"text-align: justify;\">\u201cUsuario\u201d es la persona que navega o utiliza Nuestro Sitio de otro modo.<\/p>\n<h4 style=\"text-align: justify;\">2. RESTRICCIONES DE EDAD<\/h4>\n<p style=\"text-align: justify;\">El Sitio s\u00f3lo debe ser utilizado por personas mayores de 18 a\u00f1os.<\/p>\n<h4 style=\"text-align: justify;\">3. RESTRICCIONES DE EDAD PARA LA INSCRIPCI\u00d3N<\/h4>\n<p style=\"text-align: justify;\">S\u00f3lo personas mayores de 18 a\u00f1os podr\u00e1n registrarse en Nuestro Sitio.<\/p>\n<h4 style=\"text-align: justify;\">4. MANTENIMIENTO, MODIFICACI\u00d3N Y BAJA DEL REGISTRO<\/h4>\n<p style=\"text-align: justify;\">Cada Usuario puede mantener s\u00f3lo una cuenta en el Sitio. Las cuentas duplicadas, cuando se identifiquen, ser\u00e1n desactivadas autom\u00e1ticamente por Nosotros, sin perjuicio de otras sanciones aplicables.<\/p>\n<p style=\"text-align: justify;\">Para que se complete el registro, el Usuario deber\u00e1 proporcionar \u00edntegramente los datos requeridos. Toda la informaci\u00f3n facilitada por el Usuario deber\u00e1 ser exacta, veraz y actualizada. En cualquier caso, el Usuario podr\u00e1 ser considerado responsable, en derecho civil y penal, de la veracidad, exactitud y autenticidad de los datos facilitados.<\/p>\n<p style=\"text-align: justify;\">El Usuario deber\u00e1 proporcionar una direcci\u00f3n de correo electr\u00f3nico v\u00e1lida, a trav\u00e9s de la cual se realizar\u00e1n todos los contactos. Todas las comunicaciones enviadas a la citada direcci\u00f3n se considerar\u00e1n le\u00eddas por el usuario, que se compromete a consultar peri\u00f3dicamente los mensajes recibidos y a responder a los mismos, si fuera necesario, en un plazo razonable.<\/p>\n<p style=\"text-align: justify;\">Despu\u00e9s de confirmar su registro, el usuario dispondr\u00e1 de un nombre de usuario y una contrase\u00f1a personales, que deber\u00e1 utilizar para acceder a su cuenta en el Sitio Web. Estos datos no deben ser comunicados por el Usuario a terceros, siendo el uso que se haga de los mismos de su exclusiva responsabilidad. Debe notificarnos inmediatamente si sospecha que se ha producido alguna actividad sospechosa o inesperada en su cuenta.<\/p>\n<p style=\"text-align: justify;\">No se permitir\u00e1 ceder, vender, alquilar o transferir, de ninguna forma, una cuenta de Usuario, la cual es personal e intransferible.<\/p>\n<p style=\"text-align: justify;\">Siempre que sus datos de registro est\u00e9n desactualizados, el Usuario deber\u00e1 corregirlos utilizando las herramientas que le proporcionamos para ello.<\/p>\n<p style=\"text-align: justify;\">Al Usuario que incumpla cualquiera de las normas contenidas en este instrumento se le suspender\u00e1 su cuenta y ser\u00e1 notificado para que se justifique. Si no proporciona una justificaci\u00f3n dentro del per\u00edodo designado o si la justificaci\u00f3n no es aceptada, su registro ser\u00e1 eliminado y no podr\u00e1 registrarse nuevamente en el Sitio.<\/p>\n<p style=\"text-align: justify;\">El usuario podr\u00e1, en cualquier momento y sin necesidad de justificaci\u00f3n, solicitar la cancelaci\u00f3n de su registro en el Sitio. Su baja se realizar\u00e1 a la mayor brevedad posible, siempre y cuando no existan deudas pendientes.<\/p>\n<p style=\"text-align: justify;\">Ya sea en el caso de una solicitud de cancelaci\u00f3n de registro, o en el caso de eliminaci\u00f3n por incumplimiento de las normas aqu\u00ed establecidas, los datos personales del Usuario ser\u00e1n tratados de acuerdo con nuestra Pol\u00edtica de Privacidad, y es posible que todos o algunos datos se mantendr\u00e1n incluso despu\u00e9s de la eliminaci\u00f3n de la cuenta, independientemente del consentimiento del titular de los datos personales.<\/p>\n<h4 style=\"text-align: justify;\">5. NAVEGACI\u00d3N<\/h4>\n<p style=\"text-align: justify;\">Nos comprometemos a utilizar todas las soluciones t\u00e9cnicas a nuestra disposici\u00f3n para que se pueda acceder al Sitio las 24 (veinticuatro) horas del d\u00eda, todos los d\u00edas. Sin embargo, podremos, en cualquier momento, interrumpir, limitar o suspender el acceso al Sitio o a algunas de sus p\u00e1ginas o recursos, con el fin de realizar actualizaciones, modificaciones, correcciones o cualquier otra acci\u00f3n que consideremos necesaria para asegurar su correcto funcionamiento.<\/p>\n<h4 style=\"text-align: justify;\">6. GESTI\u00d3N DEL SITIO<\/h4>\n<p style=\"text-align: justify;\">Para una buena gesti\u00f3n, podremos, en cualquier momento:<\/p>\n<p style=\"text-align: justify;\">a) suspender, interrumpir o limitar el acceso a todo o parte del Sitio Web a una categor\u00eda espec\u00edfica o a todos los Usuarios;<\/p>\n<p style=\"text-align: justify;\">b) eliminar cualquier informaci\u00f3n que pueda interrumpir el funcionamiento del Sitio o que est\u00e9 en conflicto con el derecho internacional;<\/p>\n<p style=\"text-align: justify;\">c) suspender el Sitio Web para realizar actualizaciones y modificaciones.<\/p>\n<h4 style=\"text-align: justify;\">7. NUESTRAS RESPONSABILIDADES<\/h4>\n<p style=\"text-align: justify;\">Aunque hacemos todo lo que est\u00e1 a nuestro alcance para mantener Nuestro Sitio en pleno y correcto funcionamiento, seremos responsables de cualquier defecto o defecto encontrado en el programa inform\u00e1tico que conforma Nuestro Sitio y que haya sido causado por Nosotros, siempre y cuando el da\u00f1o haya sido probado. .<\/p>\n<p style=\"text-align: justify;\">Los defectos o problemas que surjan dentro o como resultado de los sistemas o equipos utilizados por el Usuario para acceder y utilizar Nuestro Sitio Web no ser\u00e1n Nuestra responsabilidad.<\/p>\n<p style=\"text-align: justify;\">Tambi\u00e9n somos responsables, dentro de los l\u00edmites y bajo los t\u00e9rminos de la ley, de Nuestro Contenido. Sin embargo, no asumimos ninguna responsabilidad por el Contenido de terceros.<\/p>\n<p style=\"text-align: justify;\">No somos responsables del uso que los Usuarios hagan de Nuestro Sitio, y ellos son responsables personal y exclusivamente de sus propias acciones.<\/p>\n<p style=\"text-align: justify;\">No seremos responsables de ning\u00fan da\u00f1o derivado de caso fortuito, fuerza mayor o los resultantes de acciones de terceros.<\/p>\n<p style=\"text-align: justify;\">Somos responsables de Nuestros Servicios vendidos en el \u00e1mbito del Sitio Web y nos comprometemos a prestarlos de acuerdo con las condiciones establecidas durante la contrataci\u00f3n. No nos hacemos responsables, sin embargo, de situaciones que escapan a nuestro control, como por ejemplo situaciones en las que el Usuario contratante nos proporcione informaci\u00f3n falsa o incorrecta o en las que exista un caso fortuito o de fuerza mayor que nos perjudique o impida el cumplimiento de nuestras obligaciones. compromisos en el momento oportuno. .<\/p>\n<h4 style=\"text-align: justify;\">8. USO DEL SITIO<\/h4>\n<p style=\"text-align: justify;\">El Usuario deber\u00e1 utilizar las funcionalidades del Sitio Web con fines que no contradigan la ley, la moral o las buenas costumbres. En particular, debes limitarte a utilizarlos de acuerdo con los objetivos para los que fueron creados.<\/p>\n<p style=\"text-align: justify;\">El Usuario no podr\u00e1 utilizar rastreadores, robots ni ning\u00fan programa, algoritmo, equipo o metodolog\u00eda inform\u00e1tica automatizada para acceder, copiar, leer, monitorear, navegar, completar formularios o publicar contenido en el Sitio Web.<\/p>\n<p style=\"text-align: justify;\">El Usuario no podr\u00e1 utilizar ning\u00fan medio o herramienta automatizada o manual para acceder a ning\u00fan contenido o informaci\u00f3n que Nosotros no hayamos puesto a su disposici\u00f3n intencionalmente, incluida la informaci\u00f3n contenida en las secciones de Nuestro Sitio y la que se almacena o circula dentro de la infraestructura de Tecnolog\u00eda de la Informaci\u00f3n utilizada por Nosotros, que incluye equipos, redes y servidores.<\/p>\n<p style=\"text-align: justify;\">El Usuario no podr\u00e1 violar ni probar las vulnerabilidades de los mecanismos de seguridad del Sitio Web o de la infraestructura de Tecnolog\u00eda de la Informaci\u00f3n que utilizamos.<\/p>\n<p style=\"text-align: justify;\">El Usuario no podr\u00e1 utilizar ning\u00fan contenido o informaci\u00f3n disponible en Nuestro Sitio con el fin de identificar a otros Usuarios u otras personas, a menos que el contenido o la informaci\u00f3n se divulguen legalmente para este prop\u00f3sito.<\/p>\n<p style=\"text-align: justify;\">El Usuario no podr\u00e1 sobrecargar la infraestructura de Tecnolog\u00eda de la Informaci\u00f3n que mantiene el Sitio con un n\u00famero excesivo o irrazonable de solicitudes.<\/p>\n<p style=\"text-align: justify;\">El Usuario no podr\u00e1 ocultar su identidad ni el origen de su conexi\u00f3n, ni podr\u00e1 hacerse pasar por otra persona. En este sentido, adem\u00e1s de otras posibles conductas, el Usuario no podr\u00e1 utilizar ninguna herramienta o mecanismo para manipular o enmascarar el origen de cualquier mensaje que Nos env\u00ede o Nuestra infraestructura de Tecnolog\u00eda de la Informaci\u00f3n a trav\u00e9s de Nuestro Sitio Web o cualquiera de sus funcionalidades. .<\/p>\n<p style=\"text-align: justify;\">El Usuario registrado ser\u00e1 responsable del uso que haga de sus cuentas de usuario, debiendo asegurarse de que sus credenciales de acceso (login y contrase\u00f1a) no sean compartidas con terceros.<\/p>\n<p style=\"text-align: justify;\">El Usuario es responsable de garantizar la seguridad de los equipos y sistemas electr\u00f3nicos que utiliza para acceder al Sitio Web.<\/p>\n<p style=\"text-align: justify;\">El Usuario ser\u00e1 responsable de cualquier contenido o informaci\u00f3n que eventualmente publique en Nuestro Sitio.<\/p>\n<p style=\"text-align: justify;\">No se autorizar\u00e1 la inclusi\u00f3n de p\u00e1ginas que difundan cualquier tipo de informaci\u00f3n il\u00edcita, violenta, pol\u00e9mica, pornogr\u00e1fica, xen\u00f3foba, discriminatoria u ofensiva.<\/p>\n<h4 style=\"text-align: justify;\">9. ENLACES EXTERNOS<\/h4>\n<p style=\"text-align: justify;\">Nuestro Sitio Web puede contener enlaces externos que redireccionan al Usuario a otras p\u00e1ginas de Internet sobre las que no ejercemos control.<\/p>\n<p style=\"text-align: justify;\">A pesar de los controles previos y peri\u00f3dicos que realizamos, renunciamos a cualquier responsabilidad sobre el contenido de las p\u00e1ginas y aplicaciones a las que se puede acceder a trav\u00e9s de estos enlaces.<\/p>\n<p style=\"text-align: justify;\">10. DERECHOS DE PROPIEDAD INTELECTUAL DE LOS PROGRAMAS INFORM\u00c1TICOS Y NUESTRO CONTENIDO<br>Los programas inform\u00e1ticos que componen el Sitio y Nuestro Contenido disponible en el Sitio son de Nuestra propiedad, a menos que mencionemos expresamente lo contrario.<\/p>\n<p style=\"text-align: justify;\">Nuestros programas inform\u00e1ticos y Nuestro Contenido que est\u00e1n protegidos por derechos de autor no pueden ser, total o parcialmente, copiados, reproducidos, representados, adaptados o alterados de ninguna manera, por ning\u00fan medio y para cualquier prop\u00f3sito, sin Nuestro consentimiento previo, expreso y por escrito. . En caso de violaciones de Nuestros derechos de propiedad intelectual, nos reservamos el derecho de tomar todas las medidas judiciales y extrajudiciales aplicables.<\/p>\n<p style=\"text-align: justify;\">El acceso al Sitio Web no genera para el Usuario ning\u00fan derecho de propiedad intelectual sobre elementos del Sitio Web.<\/p>\n<h4 style=\"text-align: justify;\">11. SERVICIOS<\/h4>\n<p style=\"text-align: justify;\">A trav\u00e9s del Sitio, proporcionamos al Cliente un cat\u00e1logo o una tienda en l\u00ednea que presenta con precisi\u00f3n los Servicios vendidos. Los Servicios se describen y presentan con el mayor grado de precisi\u00f3n posible, acompa\u00f1ados de informaci\u00f3n correcta, clara, precisa, clara y clara en portugu\u00e9s sobre sus caracter\u00edsticas, entre otros datos, as\u00ed como sobre los riesgos que suponen para la salud y seguridad de el usuario. quienes los adquieren.<\/p>\n<p style=\"text-align: justify;\">Los precios y tarifas relacionados con la venta de Servicios se especifican en el cat\u00e1logo o en la tienda online.<\/p>\n<p style=\"text-align: justify;\">Antes de finalizar la compra de un determinado Servicio, el Usuario deber\u00e1 informarse sobre sus especificaciones y su destino. En el caso de un Servicio adquirido en el marco de ofertas, el Usuario tambi\u00e9n deber\u00e1 observar sus condiciones de aplicaci\u00f3n.<\/p>\n<p style=\"text-align: justify;\">Las ofertas estar\u00e1n disponibles en el Sitio a nuestra conveniencia.<\/p>\n<h4 style=\"text-align: justify;\">12. PRECIOS DEL SERVICIO<\/h4>\n<p style=\"text-align: justify;\">El vendedor se reserva el derecho de modificar los precios de los Servicios en cualquier momento mediante su publicaci\u00f3n en el Sitio Web.<\/p>\n<p style=\"text-align: justify;\">Se aplicar\u00e1n las tarifas vigentes en el momento del pedido, sujeto a disponibilidad de los Servicios en esa fecha.<\/p>\n<p style=\"text-align: justify;\">Los precios se indicar\u00e1n en reales y no incluir\u00e1n los gastos de env\u00edo, que se especificar\u00e1n por separado y se informar\u00e1n antes de realizar el pedido.<\/p>\n<p style=\"text-align: justify;\">El importe total del pedido, incluidos todos los gastos, se indicar\u00e1 antes de la validaci\u00f3n final del pedido.<\/p>\n<h4 style=\"text-align: justify;\">13. PAGO<\/h4>\n<p style=\"text-align: justify;\">El pago del pedido deber\u00e1 realizarse al contado o a plazos, a trav\u00e9s de los siguientes medios:<\/p>\n<p style=\"text-align: justify;\">Tarjeta de cr\u00e9dito y comprobante bancario.<\/p>\n<p style=\"text-align: justify;\">14. PRESTACI\u00d3N DE SERVICIOS<br>Nosotros proporcionaremos los Servicios de acuerdo con las especificaciones, condiciones y otra informaci\u00f3n disponible en Nuestro sitio web.<\/p>\n<p style=\"text-align: justify;\">15. PROTECCI\u00d3N DE DATOS PERSONALES<br>Procesamos los datos personales de los Usuarios de acuerdo con la Ley Federal no. 13.709\/2018 (Ley General de Protecci\u00f3n de Datos Personales) y otras normas relacionadas que nos sean aplicables. Puede encontrar m\u00e1s informaci\u00f3n sobre este tema en nuestra Pol\u00edtica de Privacidad, a la que puede acceder a trav\u00e9s del enlace: <a href=\"https:\/\/www.b2oceans.com\/es\/legal\/privacidad\/\">https:\/\/www.b2oceans.com\/legal\/privacy<\/a>.<\/p>\n<p style=\"text-align: justify;\">En dicha Pol\u00edtica identificamos los datos personales que tratamos y proporcionamos informaci\u00f3n sobre c\u00f3mo, por qu\u00e9 motivo y con qu\u00e9 base legal lo hacemos, as\u00ed como sobre la forma en que los Usuarios pueden ejercer sus derechos relacionados con la protecci\u00f3n de sus datos personales. datos y sobre c\u00f3mo puede ponerse en contacto con nuestro Delegado de Protecci\u00f3n de Datos Personales.<\/p>\n<p style=\"text-align: justify;\">Las solicitudes de alteraci\u00f3n, rectificaci\u00f3n o eliminaci\u00f3n de datos personales deben dirigirse a Nosotros de conformidad con lo dispuesto en esa Pol\u00edtica.<\/p>\n<h4 style=\"text-align: justify;\">16. ATENCI\u00d3N AL CLIENTE USUARIO<\/h4>\n<p style=\"text-align: justify;\">En caso de dudas, sugerencias o problemas con el uso del Sitio, el Usuario podr\u00e1 contactar directamente con Nuestro servicio de atenci\u00f3n al cliente, a trav\u00e9s de la direcci\u00f3n de correo electr\u00f3nico: contact@b2oceans.com o WhatsApp: <a href=\"https:\/\/wa.me\/50760215163\" rel=\"nofollow noopener\" target=\"_blank\">+507 6021 5163<\/a>. Estos servicios de atenci\u00f3n al usuario estar\u00e1n disponibles en los siguientes d\u00edas y horarios:<\/p>\n<p style=\"text-align: justify;\">De lunes a viernes de 8 a 18 horas.<\/p>\n<h4 style=\"text-align: justify;\">17. SANCIONES<\/h4>\n<p style=\"text-align: justify;\">Sin perjuicio de otras medidas legales aplicables, podremos, en cualquier momento, advertir, suspender o cancelar la cuenta del Usuario:<\/p>\n<p style=\"text-align: justify;\">a) que incumpla cualquiera de las disposiciones contenidas en este instrumento;<\/p>\n<p style=\"text-align: justify;\">b) que incumpla sus deberes de Usuario;<\/p>\n<p style=\"text-align: justify;\">c) que cometa actos fraudulentos, ilegales o inmorales;<\/p>\n<p style=\"text-align: justify;\">d) cuya conducta constituya o pueda tener como resultado ofensa o da\u00f1o a terceros o al propio Sitio Web.<\/p>\n<h4 style=\"text-align: justify;\">18. CAMBIOS<\/h4>\n<p style=\"text-align: justify;\">Esta versi\u00f3n de los t\u00e9rminos y condiciones generales de uso fue actualizada por \u00faltima vez el: 20\/01\/2024.<\/p>\n<p style=\"text-align: justify;\">Nos reservamos el derecho de modificar, en cualquier momento y sin previo aviso, el sitio web y los servicios, as\u00ed como las presentes normas, especialmente para adaptarlas a la evoluci\u00f3n del Sitio Web, ya sea poniendo a disposici\u00f3n nuevas funciones, o eliminando o modificando los que ya existen.<\/p>\n<p style=\"text-align: justify;\">Por ello, invitamos al Usuario a consultar peri\u00f3dicamente esta p\u00e1gina para comprobar si hay actualizaciones.<\/p>\n<h4 style=\"text-align: justify;\">19. CONCLUSI\u00d3N<\/h4>\n<p style=\"text-align: justify;\">B2Oceans mantendr\u00e1 los servicios disponibles hasta la vigencia del plan contratado salvo que lo impidan medios tecnol\u00f3gicos como actualizaciones de WhatsApp que hagan inviable el servicio.<\/p>\t\t\t\t\t\t\t\t<\/div>\n\t\t\t\t\t<\/div>\n\t\t\t\t<\/div>\n\t\t\t\t<\/div>","protected":false},"excerpt":{"rendered":"<p>This record outlines the terms of use for B2Oceans, providing you with important&hellip;<\/p>","protected":false},"author":1,"featured_media":0,"parent":0,"menu_order":0,"comment_status":"closed","ping_status":"closed","template":"","meta":{"give_campaign_id":0,"footnotes":""},"class_list":["post-4225","page","type-page","status-publish","hentry"],"campaignId":"","_links":{"self":[{"href":"https:\/\/2026.b2oceans.com\/es\/wp-json\/wp\/v2\/pages\/4225","targetHints":{"allow":["GET"]}}],"collection":[{"href":"https:\/\/2026.b2oceans.com\/es\/wp-json\/wp\/v2\/pages"}],"about":[{"href":"https:\/\/2026.b2oceans.com\/es\/wp-json\/wp\/v2\/types\/page"}],"author":[{"embeddable":true,"href":"https:\/\/2026.b2oceans.com\/es\/wp-json\/wp\/v2\/users\/1"}],"replies":[{"embeddable":true,"href":"https:\/\/2026.b2oceans.com\/es\/wp-json\/wp\/v2\/comments?post=4225"}],"version-history":[{"count":0,"href":"https:\/\/2026.b2oceans.com\/es\/wp-json\/wp\/v2\/pages\/4225\/revisions"}],"wp:attachment":[{"href":"https:\/\/2026.b2oceans.com\/es\/wp-json\/wp\/v2\/media?parent=4225"}],"curies":[{"name":"wp","href":"https:\/\/api.w.org\/{rel}","templated":true}]}}