{"id":367,"date":"2024-10-17T14:11:40","date_gmt":"2024-10-17T14:11:40","guid":{"rendered":"https:\/\/2026.b2oceans.com\/?page_id=367"},"modified":"2025-12-25T19:05:46","modified_gmt":"2025-12-26T00:05:46","slug":"about-us","status":"publish","type":"page","link":"https:\/\/2026.b2oceans.com\/es\/about-us\/","title":{"rendered":"Sobre Nosotros"},"content":{"rendered":"<div data-elementor-type=\"wp-page\" data-elementor-id=\"367\" class=\"elementor elementor-367\" data-elementor-post-type=\"page\">\n\t\t\t\t<div class=\"elementor-element elementor-element-88afce1 e-con-full e-flex sc_layouts_column_icons_position_left e-con e-parent\" data-id=\"88afce1\" data-element_type=\"container\">\n\t\t<div class=\"elementor-element elementor-element-1764d34 e-con-full e-flex sc_layouts_column_icons_position_left e-con e-child\" data-id=\"1764d34\" data-element_type=\"container\">\n\t\t<div class=\"elementor-element elementor-element-c5287eb e-con-full sc_column_fixed e-flex sc_layouts_column_icons_position_left e-con e-child\" data-id=\"c5287eb\" data-element_type=\"container\">\n\t\t\t\t<div data-animation-type=\"block\" class=\"elementor-element elementor-element-e3a58c6 animation_type_block sc_fly_static elementor-invisible elementor-widget elementor-widget-image\" data-id=\"e3a58c6\" data-element_type=\"widget\" data-settings=\"{&quot;_animation&quot;:&quot;ta_fadeinup&quot;}\" data-widget_type=\"image.default\">\n\t\t\t\t\t\t\t\t\t\t\t\t\t\t\t<img fetchpriority=\"high\" decoding=\"async\" width=\"817\" height=\"645\" src=\"https:\/\/2026.b2oceans.com\/wp-content\/uploads\/2025\/12\/about.jpg\" class=\"attachment-full size-full wp-image-3724\" alt=\"\" srcset=\"https:\/\/2026.b2oceans.com\/wp-content\/uploads\/2025\/12\/about.jpg 817w, https:\/\/2026.b2oceans.com\/wp-content\/uploads\/2025\/12\/about-300x237.jpg 300w, https:\/\/2026.b2oceans.com\/wp-content\/uploads\/2025\/12\/about-768x606.jpg 768w, https:\/\/2026.b2oceans.com\/wp-content\/uploads\/2025\/12\/about-15x12.jpg 15w, https:\/\/2026.b2oceans.com\/wp-content\/uploads\/2025\/12\/about-370x292.jpg 370w, https:\/\/2026.b2oceans.com\/wp-content\/uploads\/2025\/12\/about-410x324.jpg 410w\" sizes=\"(max-width: 817px) 100vw, 817px\" \/>\t\t\t\t\t\t\t\t\t\t\t\t\t\t\t<\/div>\n\t\t\t\t<\/div>\n\t\t<div class=\"elementor-element elementor-element-70341ea e-con-full e-flex sc_layouts_column_icons_position_left e-con e-child\" data-id=\"70341ea\" data-element_type=\"container\">\n\t\t\t\t<div data-animation-type=\"block\" class=\"elementor-element elementor-element-7a30e9d animation_type_block sc_fly_static elementor-invisible elementor-widget elementor-widget-image\" data-id=\"7a30e9d\" data-element_type=\"widget\" data-settings=\"{&quot;_animation&quot;:&quot;ta_fadeinup&quot;,&quot;_animation_delay&quot;:100}\" data-widget_type=\"image.default\">\n\t\t\t\t\t\t\t\t\t\t\t\t\t\t\t<img decoding=\"async\" width=\"1205\" height=\"725\" src=\"https:\/\/2026.b2oceans.com\/wp-content\/uploads\/2025\/12\/about-us.jpg\" class=\"attachment-full size-full wp-image-3728\" alt=\"\" srcset=\"https:\/\/2026.b2oceans.com\/wp-content\/uploads\/2025\/12\/about-us.jpg 1205w, https:\/\/2026.b2oceans.com\/wp-content\/uploads\/2025\/12\/about-us-300x180.jpg 300w, https:\/\/2026.b2oceans.com\/wp-content\/uploads\/2025\/12\/about-us-1024x616.jpg 1024w, https:\/\/2026.b2oceans.com\/wp-content\/uploads\/2025\/12\/about-us-768x462.jpg 768w, https:\/\/2026.b2oceans.com\/wp-content\/uploads\/2025\/12\/about-us-18x12.jpg 18w, https:\/\/2026.b2oceans.com\/wp-content\/uploads\/2025\/12\/about-us-370x223.jpg 370w, https:\/\/2026.b2oceans.com\/wp-content\/uploads\/2025\/12\/about-us-924x556.jpg 924w, https:\/\/2026.b2oceans.com\/wp-content\/uploads\/2025\/12\/about-us-410x247.jpg 410w\" sizes=\"(max-width: 1205px) 100vw, 1205px\" \/>\t\t\t\t\t\t\t\t\t\t\t\t\t\t\t<\/div>\n\t\t\t\t<\/div>\n\t\t\t\t<\/div>\n\t\t<div class=\"elementor-element elementor-element-18fe3a2 e-con-full e-flex sc_layouts_column_icons_position_left e-con e-child\" data-id=\"18fe3a2\" data-element_type=\"container\">\n\t\t<div data-animation-type=\"block\" class=\"elementor-element elementor-element-33527aa e-con-full e-flex sc_layouts_column_icons_position_left animation_type_block elementor-invisible e-con e-child\" data-id=\"33527aa\" data-element_type=\"container\" data-settings=\"{&quot;animation&quot;:&quot;ta_fadeinup&quot;}\">\n\t\t\t\t<div class=\"elementor-element elementor-element-902c1d7 sc_fly_static elementor-widget elementor-widget-heading\" data-id=\"902c1d7\" data-element_type=\"widget\" data-widget_type=\"heading.default\">\n\t\t\t\t\t<h6 class=\"elementor-heading-title elementor-size-default\">Innovative IT Solutions<\/h6>\t\t\t\t<\/div>\n\t\t\t\t<div class=\"elementor-element elementor-element-b953f63 sc_fly_static elementor-widget elementor-widget-heading\" data-id=\"b953f63\" data-element_type=\"widget\" data-widget_type=\"heading.default\">\n\t\t\t\t\t<h1 class=\"elementor-heading-title elementor-size-default\">Sobre Nosotros<\/h1>\t\t\t\t<\/div>\n\t\t\t\t<\/div>\n\t\t<div class=\"e-con-gap-no elementor-element elementor-element-d562fdf e-con-full e-flex sc_layouts_column_icons_position_left e-con e-child\" data-id=\"d562fdf\" data-element_type=\"container\">\n\t\t<div data-animation-type=\"block\" class=\"elementor-element elementor-element-5f44186 e-con-full e-flex sc_layouts_column_icons_position_left animation_type_block elementor-invisible e-con e-child\" data-id=\"5f44186\" data-element_type=\"container\" data-settings=\"{&quot;animation&quot;:&quot;ta_fadeinup&quot;,&quot;animation_delay&quot;:50}\">\n\t\t\t\t<div class=\"elementor-element elementor-element-1da2d02 sc_fly_static elementor-widget elementor-widget-heading\" data-id=\"1da2d02\" data-element_type=\"widget\" data-widget_type=\"heading.default\">\n\t\t\t\t\t<h6 class=\"elementor-heading-title elementor-size-default\">Por qu\u00e9 elegirnos<\/h6>\t\t\t\t<\/div>\n\t\t\t\t<div class=\"elementor-element elementor-element-dd83e2a sc_fly_static elementor-widget elementor-widget-text-editor\" data-id=\"dd83e2a\" data-element_type=\"widget\" data-widget_type=\"text-editor.default\">\n\t\t\t\t\t\t\t\t\t<p>B2Oceans no es una agencia digital convencional. Somos expertos en IA, Automatizaci\u00f3n, integraci\u00f3n de WhatsApp, desarrollo WordPress, soluciones SaaS y Apps M\u00f3viles. Nuestro equipo combina innovaci\u00f3n con experiencia t\u00e9cnica para convertir su negocio en una potencia digital. No nos limitamos a escribir c\u00f3digo; nos dedicamos a entender sus desaf\u00edos \u00fanicos para brindar soluciones a medida que impulsan el crecimiento y el \u00e9xito. Conf\u00ede en nosotros para elevar su presencia y desbloquear todo el potencial de su empresa.<\/p>\t\t\t\t\t\t\t\t<\/div>\n\t\t\t\t<\/div>\n\t\t<div data-animation-type=\"block\" class=\"elementor-element elementor-element-1c29c73 e-con-full e-flex sc_layouts_column_icons_position_left animation_type_block elementor-invisible e-con e-child\" data-id=\"1c29c73\" data-element_type=\"container\" data-settings=\"{&quot;animation&quot;:&quot;ta_fadeinup&quot;,&quot;animation_delay&quot;:100}\">\n\t\t\t\t<div class=\"elementor-element elementor-element-d67e439 sc_fly_static elementor-widget elementor-widget-heading\" data-id=\"d67e439\" data-element_type=\"widget\" data-widget_type=\"heading.default\">\n\t\t\t\t\t<h6 class=\"elementor-heading-title elementor-size-default\">Nuestra Misi\u00f3n<\/h6>\t\t\t\t<\/div>\n\t\t\t\t<div class=\"elementor-element elementor-element-628f204 sc_fly_static elementor-widget elementor-widget-text-editor\" data-id=\"628f204\" data-element_type=\"widget\" data-widget_type=\"text-editor.default\">\n\t\t\t\t\t\t\t\t\tEn nuestra esencia, nos impulsa la misi\u00f3n de empoderar a las personas y liberar su m\u00e1ximo potencial. Con pasi\u00f3n por la creatividad y la innovaci\u00f3n, nos esforzamos por desafiar el status quo e inspirar el crecimiento. A trav\u00e9s de nuestro talentoso equipo, buscamos brindar experiencias excepcionales, fomentando conexiones significativas e impulsando un cambio positivo. Juntos, emprendamos un viaje que trasciende fronteras, desbloqueando posibilidades ilimitadas en el camino. \u00danase a nosotros para construir un futuro m\u00e1s brillante.\t\t\t\t\t\t\t\t<\/div>\n\t\t\t\t<\/div>\n\t\t\t\t<\/div>\n\t\t\t\t<\/div>\n\t\t\t\t<\/div>\n\t\t<div class=\"elementor-element elementor-element-5cc965a e-con-full e-flex sc_layouts_column_icons_position_left e-con e-parent\" data-id=\"5cc965a\" data-element_type=\"container\" data-settings=\"{&quot;background_background&quot;:&quot;classic&quot;}\">\n\t\t<div class=\"elementor-element elementor-element-5ca97d4 e-con-full e-flex sc_layouts_column_icons_position_left e-con e-child\" data-id=\"5ca97d4\" data-element_type=\"container\">\n\t\t<div class=\"elementor-element elementor-element-d68fe5a e-con-full e-flex sc_layouts_column_icons_position_left e-con e-child\" data-id=\"d68fe5a\" data-element_type=\"container\">\n\t\t\t\t<div data-animation-type=\"block\" class=\"elementor-element elementor-element-01525d1 elementor-widget__width-initial animation_type_block sc_fly_static elementor-invisible elementor-widget elementor-widget-heading\" data-id=\"01525d1\" data-element_type=\"widget\" data-settings=\"{&quot;_animation&quot;:&quot;ta_fadeinup&quot;}\" data-widget_type=\"heading.default\">\n\t\t\t\t\t<h1 class=\"elementor-heading-title elementor-size-default\">Impulsamos negocios modernos con soluciones digitales inteligentes.<\/h1>\t\t\t\t<\/div>\n\t\t\t\t<\/div>\n\t\t<div class=\"elementor-element elementor-element-c7af702 e-con-full e-flex sc_layouts_column_icons_position_left e-con e-child\" data-id=\"c7af702\" data-element_type=\"container\">\n\t\t\t\t<div data-animation-type=\"block\" class=\"elementor-element elementor-element-05049d8 animation_type_block sc_fly_static elementor-invisible elementor-widget elementor-widget-button\" data-id=\"05049d8\" data-element_type=\"widget\" data-settings=\"{&quot;_animation&quot;:&quot;ta_fadeinup&quot;,&quot;_animation_delay&quot;:100}\" data-widget_type=\"button.default\">\n\t\t\t\t\t\t\t\t\t\t<a class=\"elementor-button elementor-button-link elementor-size-sm\" href=\"https:\/\/2026.b2oceans.com\/es\/services\/\">\n\t\t\t\t\t\t<span class=\"elementor-button-content-wrapper\">\n\t\t\t\t\t\t\t\t\t<span class=\"elementor-button-text\">Nuestros Servicios<\/span>\n\t\t\t\t\t<\/span>\n\t\t\t\t\t<\/a>\n\t\t\t\t\t\t\t\t<\/div>\n\t\t\t\t<\/div>\n\t\t\t\t<\/div>\n\t\t\t\t<\/div>\n\t\t\t\t<\/div>","protected":false},"excerpt":{"rendered":"<p>Innovative IT Solutions About Us Why Choose Us B2Oceans is not your average&hellip;<\/p>","protected":false},"author":1,"featured_media":0,"parent":0,"menu_order":0,"comment_status":"closed","ping_status":"closed","template":"","meta":{"give_campaign_id":0,"footnotes":""},"class_list":["post-367","page","type-page","status-publish","hentry"],"campaignId":"","_links":{"self":[{"href":"https:\/\/2026.b2oceans.com\/es\/wp-json\/wp\/v2\/pages\/367","targetHints":{"allow":["GET"]}}],"collection":[{"href":"https:\/\/2026.b2oceans.com\/es\/wp-json\/wp\/v2\/pages"}],"about":[{"href":"https:\/\/2026.b2oceans.com\/es\/wp-json\/wp\/v2\/types\/page"}],"author":[{"embeddable":true,"href":"https:\/\/2026.b2oceans.com\/es\/wp-json\/wp\/v2\/users\/1"}],"replies":[{"embeddable":true,"href":"https:\/\/2026.b2oceans.com\/es\/wp-json\/wp\/v2\/comments?post=367"}],"version-history":[{"count":0,"href":"https:\/\/2026.b2oceans.com\/es\/wp-json\/wp\/v2\/pages\/367\/revisions"}],"wp:attachment":[{"href":"https:\/\/2026.b2oceans.com\/es\/wp-json\/wp\/v2\/media?parent=367"}],"curies":[{"name":"wp","href":"https:\/\/api.w.org\/{rel}","templated":true}]}}