{"id":3,"date":"2024-09-16T09:34:31","date_gmt":"2024-09-16T09:34:31","guid":{"rendered":"https:\/\/2026.b2oceans.com\/?page_id=3"},"modified":"2025-12-23T14:28:29","modified_gmt":"2025-12-23T19:28:29","slug":"privacy-policy","status":"publish","type":"page","link":"https:\/\/2026.b2oceans.com\/es\/privacy-policy\/","title":{"rendered":"Pol\u00edtica de Privacidad"},"content":{"rendered":"<div data-elementor-type=\"wp-page\" data-elementor-id=\"3\" class=\"elementor elementor-3\" data-elementor-post-type=\"page\">\n\t\t\t\t<div class=\"e-con-with-custom-width elementor-element elementor-element-5c9dcf0 e-flex e-con-boxed sc_layouts_column_icons_position_left e-con e-parent\" data-id=\"5c9dcf0\" data-element_type=\"container\" data-no-translation=\"\">\n\t\t\t\t\t<div class=\"e-con-inner\">\n\t\t\t\t<div class=\"elementor-element elementor-element-8cc0546 sc_fly_static elementor-widget elementor-widget-text-editor\" data-id=\"8cc0546\" data-element_type=\"widget\" data-widget_type=\"text-editor.default\">\n\t\t\t\t\t\t\t\t\t<p style=\"text-align: justify;\">La pol\u00edtica de privacidad de nuestra web B2Oceans se compromete a proteger tus datos personales de acuerdo con la Ley General de Protecci\u00f3n de Datos. Priorizamos la seguridad de los datos a trav\u00e9s de medidas eficientes de ciberseguridad y podemos compartir datos con terceros de confianza para los fines descritos. Utilizamos cookies para mejorar su experiencia de usuario, que se pueden administrar en la configuraci\u00f3n de su navegador. Revise esta pol\u00edtica peri\u00f3dicamente para obtener actualizaciones. Tanto usted como B2Oceans son responsables de salvaguardar los datos que proporciona y cumplimos con las pautas establecidas por la Autoridad Nacional de Protecci\u00f3n de Datos. Cont\u00e1ctenos para cualquier pregunta o para ejercer sus derechos como interesado. B2OCEANS SA, tambi\u00e9n conocida como \u201cB2OCEANS\u201d, se compromete plenamente a cumplir con esta Pol\u00edtica de Privacidad como Responsable del Tratamiento.<\/p>\n<h4 style=\"text-align: justify;\">1. \u00bfQU\u00c9 DATOS RECOGEMOS SOBRE USTED Y CON QU\u00c9 FINALIDAD?<\/h4>\n<p style=\"text-align: justify;\">Nuestro sitio web recopila y utiliza algunos de sus datos personales para permitir la prestaci\u00f3n de servicios y mejorar la experiencia del usuario.<\/p>\n<h6 style=\"text-align: justify;\">1.1. Datos personales proporcionados por el titular<\/h6>\n<ul style=\"text-align: justify;\">\n<li>Nombre<\/li>\n<li>Correo electr\u00f3nico<\/li>\n<li>WhatsApp<\/li>\n<\/ul>\n<p style=\"text-align: justify;\">Finalidad de los datos: Identificaci\u00f3n para un mejor servicio.<\/p>\n<h6 style=\"text-align: justify;\">1.2. Datos personales recopilados autom\u00e1ticamente<\/h6>\n<ul style=\"text-align: justify;\">\n<li>IP<\/li>\n<li>Nombre del dispositivo<\/li>\n<li>Versi\u00f3n del sistema operativo<\/li>\n<li>Configuraci\u00f3n del servicio<\/li>\n<li>Enlace de p\u00e1gina<\/li>\n<li>Fecha y hora<\/li>\n<\/ul>\n<p style=\"text-align: justify;\">Finalidad de los datos: Identificaci\u00f3n para mejorar nuestro servicio.<\/p>\n<h4 style=\"text-align: justify;\">2. \u00bfC\u00d3MO RECOGEMOS TUS DATOS?<\/h4>\n<p style=\"text-align: justify;\">En este sentido, la recogida de sus datos personales se produce de la siguiente manera:<\/p>\n<ul style=\"text-align: justify;\">\n<li>Formulario de contacto en el sitio web<\/li>\n<li>Registros de datos<\/li>\n<\/ul>\n<p>En caso de un error en nuestro sitio web o en las herramientas de nuestros socios, los registros de datos pueden incluir informaci\u00f3n como la direcci\u00f3n IP del dispositivo, el nombre del dispositivo, la versi\u00f3n del sistema operativo, la configuraci\u00f3n del sitio web al utilizar nuestro servicio, la hora y fecha de su uso del Servicio y otras estad\u00edsticas. .<\/p>\n<h6 style=\"text-align: justify;\">2.1. Consentir<\/h6>\n<p style=\"text-align: justify;\">El procesamiento de sus datos personales se basa en su consentimiento. El consentimiento es la expresi\u00f3n libre, informada e inequ\u00edvoca por la que autorizas a B2OCEANS a tratar tus datos.<\/p>\n<p style=\"text-align: justify;\">Por tanto, de conformidad con la Ley General de Protecci\u00f3n de Datos, tus datos s\u00f3lo ser\u00e1n recogidos, tratados y almacenados con el previo y expreso consentimiento.<\/p>\n<p style=\"text-align: justify;\">Su consentimiento se obtendr\u00e1 espec\u00edficamente para cada finalidad descrita anteriormente, demostrando el compromiso de B2OCEANS con la transparencia y la buena fe hacia sus usuarios\/clientes, siguiendo la normativa legislativa pertinente.<\/p>\n<p style=\"text-align: justify;\">Al utilizar los servicios de B2OCEANS y facilitar sus datos personales, usted conoce y consiente lo dispuesto en esta Pol\u00edtica de Privacidad, adem\u00e1s de conocer sus derechos y c\u00f3mo ejercerlos.<\/p>\n<p style=\"text-align: justify;\">En cualquier momento y sin coste alguno podr\u00e1s revocar tu consentimiento.<\/p>\n<p style=\"text-align: justify;\">Es importante resaltar que revocar el consentimiento para el tratamiento de datos puede tener como resultado la imposibilidad de realizar adecuadamente alguna funcionalidad del sitio web que depende de su funcionamiento. Tales consecuencias ser\u00e1n informadas con antelaci\u00f3n.<\/p>\n<h4 style=\"text-align: justify;\">3. \u00bfCU\u00c1LES SON TUS DERECHOS?<\/h4>\n<p style=\"text-align: justify;\">B2OCEANS asegura a sus usuarios\/clientes sus derechos previstos en el art\u00edculo 18 de la Ley General de Protecci\u00f3n de Datos. De esta forma podr\u00e1s, de forma gratuita y en cualquier momento:<\/p>\n<ul>\n<li style=\"text-align: justify;\">Confirmar la existencia de un tratamiento de datos, de forma simplificada o en un formato claro y completo. Acceder a sus datos, pudiendo solicitarlos en copia impresa legible o electr\u00f3nicamente, de forma segura y adecuada.<\/li>\n<li style=\"text-align: justify;\">Corregir sus datos cuando solicite su edici\u00f3n, correcci\u00f3n o actualizaci\u00f3n.<\/li>\n<li style=\"text-align: justify;\">Limitar sus datos cuando sean innecesarios, excesivos o tratados en incumplimiento de la legislaci\u00f3n mediante su anonimizaci\u00f3n, bloqueo o supresi\u00f3n.<\/li>\n<li style=\"text-align: justify;\">Solicitar la portabilidad de tus datos, a trav\u00e9s de un informe de datos de registro que B2OCEANS tramita sobre ti.<\/li>\n<li style=\"text-align: justify;\">Suprimir sus datos tratados con su consentimiento, salvo en los casos previstos por la ley.<\/li>\n<li style=\"text-align: justify;\">Revocar su consentimiento, negando el tratamiento de sus datos. Inf\u00f3rmate sobre la posibilidad de no prestar tu consentimiento y las consecuencias de rechazarlo.<\/li>\n<\/ul>\n<h4 style=\"text-align: justify;\">4. \u00bfC\u00d3MO PUEDES EJERCER TUS DERECHOS COMO TITULAR?<\/h4>\n<p style=\"text-align: justify;\">Para ejercitar tus derechos como titular deber\u00e1s contactar con B2OCEANS a trav\u00e9s de los siguientes medios disponibles:<\/p>\n<ul style=\"text-align: justify;\">\n<li>Forma: <a href=\"https:\/\/www.b2oceans.com\/es\/contacto\/\">https:\/\/www.b2oceans.com\/contact<\/a><\/li>\n<li>Correo electr\u00f3nico: <a href=\"mailto:contact@b2oceans.com\">contacto@b2oceans.com<\/a><\/li>\n<li>WhatsApp: <a href=\"https:\/\/wa.me\/50766553180\" target=\"_blank\" rel=\"noopener nofollow\">+507 6655 3180<\/a><\/li>\n<\/ul>\n<p style=\"text-align: justify;\">Para garantizar su correcta identificaci\u00f3n como titular de los datos personales objeto de la solicitud, podremos solicitarle documentos u otras pruebas que acrediten su identidad. En este caso, se le informar\u00e1 con antelaci\u00f3n.<\/p>\n<h4 style=\"text-align: justify;\">5. \u00bfC\u00d3MO Y DURANTE CU\u00c1NTO TIEMPO SE CONSERVAR\u00c1N TUS DATOS?<\/h4>\n<p style=\"text-align: justify;\">Sus datos personales recopilados por B2OCEANS ser\u00e1n utilizados y almacenados durante el tiempo que sea necesario para prestar el servicio o para lograr los fines enumerados en esta Pol\u00edtica de Privacidad, considerando los derechos de los titulares y responsables del tratamiento.<\/p>\n<p style=\"text-align: justify;\">Con car\u00e1cter general, tus datos se conservar\u00e1n mientras contin\u00fae la relaci\u00f3n contractual entre t\u00fa y B2OCEANS. Una vez que los datos personales hayan sido conservados por un per\u00edodo de tiempo, ser\u00e1n eliminados de nuestras bases de datos o anonimizados, salvo en los casos legalmente previstos en el art\u00edculo 16 de la ley general de protecci\u00f3n de datos, a saber:<\/p>\n<p style=\"text-align: justify;\">I \u2013 cumplimiento de obligaciones legales o reglamentarias por parte del responsable del tratamiento;<\/p>\n<p style=\"text-align: justify;\">II \u2013 estudio por organismo de investigaci\u00f3n, garantizando, siempre que sea posible, la anonimizaci\u00f3n de los datos personales;<\/p>\n<p style=\"text-align: justify;\">III \u2013 transferencia a un tercero, siempre que se respeten las exigencias de procesamiento de datos previstas en esta Ley; o<\/p>\n<p style=\"text-align: justify;\">IV \u2013 uso exclusivo del responsable, quedando prohibido el acceso a terceros, siempre que los datos sean anonimizados.<\/p>\n<p style=\"text-align: justify;\">Es decir, la informaci\u00f3n personal sobre usted que sea esencial para el cumplimiento de \u00f3rdenes judiciales, judiciales y administrativas y\/o para el ejercicio del derecho de defensa en procedimientos judiciales y administrativos se mantendr\u00e1, a pesar de la eliminaci\u00f3n de otros datos.<\/p>\n<p style=\"text-align: justify;\">El almacenamiento de datos recopilados por B2OCEANS refleja nuestro compromiso con la seguridad y privacidad de sus datos. Empleamos medidas y soluciones t\u00e9cnicas de protecci\u00f3n capaces de garantizar la confidencialidad, integridad e inviolabilidad de sus datos. Adem\u00e1s, tambi\u00e9n contamos con medidas de seguridad adecuadas a los riesgos y controlamos el acceso a la informaci\u00f3n almacenada.<\/p>\n<h4 style=\"text-align: justify;\">6. \u00bfQU\u00c9 HACEMOS PARA MANTENER TUS DATOS SEGUROS?<\/h4>\n<p style=\"text-align: justify;\">Para mantener segura su informaci\u00f3n personal, utilizamos herramientas f\u00edsicas, electr\u00f3nicas y de gesti\u00f3n destinadas a proteger su privacidad.<\/p>\n<p style=\"text-align: justify;\">Aplicamos estas herramientas teniendo en cuenta la naturaleza de los datos personales recopilados, el contexto y finalidad del procesamiento y los riesgos que posibles violaciones generar\u00edan para los derechos y libertades del titular de los datos recopilados y procesados.<\/p>\n<p style=\"text-align: justify;\">Entre las medidas que adoptamos destacamos las siguientes:<\/p>\n<ul style=\"text-align: justify;\">\n<li>S\u00f3lo las personas autorizadas tienen acceso a sus datos personales;<\/li>\n<li>El acceso a sus datos personales s\u00f3lo se realiza tras un compromiso de confidencialidad;<\/li>\n<li>Sus datos personales se almacenan en un entorno seguro y adecuado.<\/li>\n<\/ul>\n<p style=\"text-align: justify;\">B2OCEANS se compromete a adoptar las mejores posturas para evitar incidentes de seguridad. Sin embargo, es necesario resaltar que ninguna p\u00e1gina virtual es enteramente segura y libre de riesgos. Es posible que, a pesar de todos nuestros protocolos de seguridad, se produzcan problemas que sean exclusivamente culpa de terceros, como ciberataques por parte de hackers, o tambi\u00e9n como consecuencia de la negligencia o imprudencia del propio usuario\/cliente.<\/p>\n<p style=\"text-align: justify;\">En caso de incidentes de seguridad que puedan generar riesgo o da\u00f1o significativo para usted o cualquiera de nuestros usuarios\/clientes, comunicaremos a los afectados y a la Autoridad Nacional de Protecci\u00f3n de Datos lo ocurrido, de conformidad con lo establecido en la Ley General de Protecci\u00f3n de Datos. . Datos.<\/p>\n<h4 style=\"text-align: justify;\">7. \u00bfCON QUI\u00c9N SE PUEDEN COMPARTIR TUS DATOS?<\/h4>\n<p style=\"text-align: justify;\">Para preservar su privacidad, B2OCEANS no compartir\u00e1 sus datos personales con ning\u00fan tercero no autorizado.<\/p>\n<p style=\"text-align: justify;\">Sus datos podr\u00e1n ser compartidos con nuestros socios comerciales:<\/p>\n<p style=\"text-align: justify;\">\u2013Google\u2122<\/p>\n<p style=\"text-align: justify;\">Reciben sus datos \u00fanicamente en la medida necesaria para prestar los servicios contratados y nuestros contratos se gu\u00edan por las normas de protecci\u00f3n de datos del ordenamiento jur\u00eddico.<\/p>\n<p style=\"text-align: justify;\">Sin embargo, nuestros socios tienen sus propias Pol\u00edticas de Privacidad, que pueden diferir de \u00e9sta. Te recomendamos leer estos documentos, a los que puedes acceder aqu\u00ed:<\/p>\n<p style=\"text-align: justify;\">Google\u2122: <a href=\"https:\/\/policies.google.com\/privacy\" rel=\"nofollow noopener\" target=\"_blank\">https:\/\/policies.google.com\/privacy<\/a><\/p>\n<p style=\"text-align: justify;\">Adem\u00e1s, tambi\u00e9n existen otras hip\u00f3tesis en las que se podr\u00e1n compartir tus datos, que son:<\/p>\n<p style=\"text-align: justify;\">I \u2013 Determinaci\u00f3n judicial, solicitud, requisici\u00f3n u orden judicial, ante autoridades judiciales, administrativas o gubernamentales competentes.<\/p>\n<p style=\"text-align: justify;\">II \u2013 Caso de operaciones societarias, como fusi\u00f3n, adquisici\u00f3n e incorporaci\u00f3n, de oficio<\/p>\n<p style=\"text-align: justify;\">III \u2013 Protecci\u00f3n de los derechos de (raz\u00f3n social simplificada) en cualquier tipo de conflicto, incluidos los de car\u00e1cter judicial.<\/p>\n<h6 style=\"text-align: justify;\">7.1. Transferencia internacional de datos<\/h6>\n<p style=\"text-align: justify;\">Algunos de los terceros con quienes compartimos sus datos pueden estar ubicados o tener instalaciones ubicadas en pa\u00edses extranjeros. En estas condiciones, en todo caso, sus datos personales estar\u00e1n sujetos a la Ley General de Protecci\u00f3n de Datos.<\/p>\n<p style=\"text-align: justify;\">En este sentido, B2OCEANS se compromete a adoptar siempre est\u00e1ndares eficientes de ciberseguridad y protecci\u00f3n de datos, en el mayor esfuerzo para garantizar y cumplir con los requisitos legislativos.<\/p>\n<p style=\"text-align: justify;\">Al aceptar esta Pol\u00edtica de Privacidad, usted acepta este intercambio, que se llevar\u00e1 a cabo de acuerdo con los fines descritos en este instrumento.<\/p>\n<h4 style=\"text-align: justify;\">8. COOKIES O DATOS DE NAVEGACI\u00d3N<\/h4>\n<p style=\"text-align: justify;\">B2OCEANS utiliza Cookies, que son archivos de texto que la plataforma env\u00eda a su ordenador y se almacenan all\u00ed, que contienen informaci\u00f3n relacionada con la navegaci\u00f3n en el sitio web. En definitiva, las Cookies se utilizan para mejorar la experiencia del usuario.<\/p>\n<p style=\"text-align: justify;\">Al acceder a nuestro sitio web y consentir el uso de Cookies, reconoce y acepta el uso de un sistema de recogida de datos de navegaci\u00f3n con el uso de Cookies en su dispositivo.<\/p>\n<p style=\"text-align: justify;\">B2OCEANS utiliza las siguientes Cookies:<\/p>\n<ul style=\"text-align: justify;\">\n<li>Cookies de sesi\u00f3n: Son temporales hasta que abandones el sitio;<\/li>\n<li>Cookies persistentes: Permanecen en el dispositivo durante mucho m\u00e1s tiempo o hasta que son eliminadas manualmente por el usuario.<\/li>\n<\/ul>\n<p style=\"text-align: justify;\">Podr\u00e1s, en cualquier momento y sin coste alguno, cambiar los permisos, bloquear o rechazar las Cookies. Sin embargo, revocar el consentimiento para determinadas Cookies puede impedir el correcto funcionamiento de algunas caracter\u00edsticas de la plataforma.<\/p>\n<p style=\"text-align: justify;\">Para gestionar las cookies de su navegador, simplemente h\u00e1galo directamente en la configuraci\u00f3n de su navegador, en el \u00e1rea de gesti\u00f3n de Cookies. Puede acceder a tutoriales sobre el tema directamente a trav\u00e9s de los siguientes enlaces:<\/p>\n<ul style=\"text-align: justify;\">\n<li>Se voc\u00ea usa o&nbsp;<strong><a href=\"https:\/\/support.microsoft.com\/pt-br\/help\/17442\/windows-internet-explorer-delete-manage-cookies\" rel=\"nofollow noopener\" target=\"_blank\">explorador de Internet<\/a><\/strong>.<\/li>\n<li>Se voc\u00ea usa o&nbsp;<strong><a href=\"https:\/\/support.mozilla.org\/pt-BR\/kb\/gerencie-configuracoes-de-armazenamento-local-de-s\" rel=\"nofollow noopener\" target=\"_blank\">Firefox<\/a><\/strong>.<\/li>\n<li>Se voc\u00ea usa o&nbsp;<strong><a href=\"https:\/\/support.apple.com\/pt-br\/guide\/safari\/sfri11471\/mac\" rel=\"nofollow noopener\" target=\"_blank\">Safari<\/a><\/strong>.<\/li>\n<li>Se voc\u00ea usa o&nbsp;<strong><a href=\"https:\/\/support.google.com\/chrome\/answer\/95647?co=GENIE.Platform%3DDesktop&amp;oco=1&amp;hl=pt-BR\" rel=\"nofollow noopener\" target=\"_blank\">Google Chrome<\/a><\/strong>.<\/li>\n<li>Se voc\u00ea usa o&nbsp;<strong><a href=\"https:\/\/support.microsoft.com\/pt-br\/help\/4027947\/microsoft-edge-delete-cookies\" rel=\"nofollow noopener\" target=\"_blank\">Borde de Microsoft<\/a><\/strong>.<\/li>\n<\/ul>\n<h4 style=\"text-align: justify;\">9. CAMBIOS A ESTA POL\u00cdTICA DE PRIVACIDAD<\/h4>\n<p style=\"text-align: justify;\">La versi\u00f3n actual de la Pol\u00edtica de Privacidad fue formulada y actualizada por \u00faltima vez el 10 de febrero de 2021.<\/p>\n<p style=\"text-align: justify;\">Nos reservamos el derecho a modificar esta Pol\u00edtica de Privacidad en cualquier momento, principalmente para adaptarla a posibles cambios realizados en nuestra web o en la legislaci\u00f3n. Le recomendamos que lo revise con frecuencia.<\/p>\n<p style=\"text-align: justify;\">Cualquier cambio entrar\u00e1 en vigor tan pronto como se publique en nuestro sitio web y siempre le notificaremos los cambios que se hayan producido.<\/p>\n<p style=\"text-align: justify;\">Al utilizar nuestros servicios y proporcionar sus datos personales despu\u00e9s de dichas modificaciones, usted las acepta.<\/p>\n<h4 style=\"text-align: justify;\">10. RESPONSABILIDAD<\/h4>\n<p style=\"text-align: justify;\">B2OCEANS prev\u00e9 la responsabilidad de los agentes que act\u00faan en los procesos de tratamiento de datos, de conformidad con los art\u00edculos 42 a 45 de la Ley General de Protecci\u00f3n de Datos.<\/p>\n<p style=\"text-align: justify;\">Nos comprometemos a mantener actualizada esta Pol\u00edtica de Privacidad, observando sus disposiciones y velando por su cumplimiento.<\/p>\n<p style=\"text-align: justify;\">Adem\u00e1s, tambi\u00e9n nos comprometemos a buscar condiciones t\u00e9cnicas y organizativas que sean capaces de proteger de forma segura todo el proceso de tratamiento de datos.<\/p>\n<p style=\"text-align: justify;\">Si la Autoridad Nacional de Protecci\u00f3n de Datos requiere la adopci\u00f3n de medidas en relaci\u00f3n con el tratamiento de datos realizado por B2OCEANS, nos comprometemos a seguirlas.<\/p>\n<h6 style=\"text-align: justify;\">10.1 Descargo de responsabilidad<\/h6>\n<p style=\"text-align: justify;\">Como se mencion\u00f3 en el Tema 6, aunque adoptamos altos est\u00e1ndares de seguridad para evitar incidentes, ninguna p\u00e1gina virtual est\u00e1 completamente libre de riesgos. En este sentido, B2OCEANS no se hace responsable de:<\/p>\n<p style=\"text-align: justify;\">I \u2013 Cualesquiera consecuencias que se deriven de la negligencia, imprudencia o impericia de los usuarios en relaci\u00f3n con sus datos personales. Garantizamos y s\u00f3lo somos responsables de la seguridad de los procesos de procesamiento de datos y del cumplimiento de las finalidades descritas en este instrumento.<\/p>\n<p style=\"text-align: justify;\">Resaltamos que el usuario es responsable de la confidencialidad de los datos de acceso.<\/p>\n<p style=\"text-align: justify;\">II \u2013 Acciones maliciosas de terceros, como ataques de piratas inform\u00e1ticos, salvo que se demuestre culpabilidad o conducta deliberada por parte de B2OCEANS.<\/p>\n<p style=\"text-align: justify;\">Resaltamos que en caso de incidentes de seguridad que puedan generar riesgo o da\u00f1o significativo para usted o cualquiera de nuestros usuarios\/clientes, informaremos a los afectados y a la Autoridad Nacional de Protecci\u00f3n de Datos sobre lo sucedido y tomaremos las medidas necesarias.<\/p>\n<p style=\"text-align: justify;\">III \u2013 Inexactitud de la informaci\u00f3n ingresada por el usuario\/cliente en los registros necesarios para el uso de los servicios de B2OCEANS; Cualquier consecuencia derivada de informaci\u00f3n falsa o introducida de mala fe es responsabilidad exclusiva del usuario\/cliente.<\/p>\n<h4 style=\"text-align: justify;\">11. DELGADO DE PROTECCI\u00d3N DE DATOS<\/h4>\n<p style=\"text-align: justify;\">B2OCEANS pone a su disposici\u00f3n los siguientes medios para que pueda ponerse en contacto con nosotros para ejercer sus derechos como titular:<\/p>\n<ul style=\"text-align: justify;\">\n<li>Forma: <a href=\"https:\/\/www.b2oceans.com\/es\/contacto\/\">https:\/\/www.b2oceans.com\/contact<\/a><\/li>\n<li>Correo electr\u00f3nico: <a href=\"mailto:contact@b2oceans.com\">contacto@b2oceans.com<\/a><\/li>\n<li>WhatsApp: <a href=\"https:\/\/wa.me\/50766553180\" target=\"_blank\" rel=\"noopener nofollow\">+507 6655 3180<\/a><\/li>\n<\/ul>\n<p style=\"text-align: justify;\">Si tiene preguntas sobre esta Pol\u00edtica de Privacidad o los datos personales que procesamos, puede contactar a nuestro Delegado de Protecci\u00f3n de Datos Personales a trav\u00e9s de los siguientes canales:<\/p>\n<p style=\"text-align: justify;\">Forma: <a href=\"https:\/\/www.b2oceans.com\/es\/contacto\/\">https:\/\/www.b2oceans.com\/contact<\/a><\/p>\t\t\t\t\t\t\t\t<\/div>\n\t\t\t\t\t<\/div>\n\t\t\t\t<\/div>\n\t\t\t\t<\/div>","protected":false},"excerpt":{"rendered":"<p>The privacy policy of our B2Oceans website is committed to protecting your personal&hellip;<\/p>","protected":false},"author":1,"featured_media":0,"parent":0,"menu_order":0,"comment_status":"closed","ping_status":"closed","template":"","meta":{"give_campaign_id":0,"footnotes":""},"class_list":["post-3","page","type-page","status-publish","hentry"],"campaignId":"","_links":{"self":[{"href":"https:\/\/2026.b2oceans.com\/es\/wp-json\/wp\/v2\/pages\/3","targetHints":{"allow":["GET"]}}],"collection":[{"href":"https:\/\/2026.b2oceans.com\/es\/wp-json\/wp\/v2\/pages"}],"about":[{"href":"https:\/\/2026.b2oceans.com\/es\/wp-json\/wp\/v2\/types\/page"}],"author":[{"embeddable":true,"href":"https:\/\/2026.b2oceans.com\/es\/wp-json\/wp\/v2\/users\/1"}],"replies":[{"embeddable":true,"href":"https:\/\/2026.b2oceans.com\/es\/wp-json\/wp\/v2\/comments?post=3"}],"version-history":[{"count":0,"href":"https:\/\/2026.b2oceans.com\/es\/wp-json\/wp\/v2\/pages\/3\/revisions"}],"wp:attachment":[{"href":"https:\/\/2026.b2oceans.com\/es\/wp-json\/wp\/v2\/media?parent=3"}],"curies":[{"name":"wp","href":"https:\/\/api.w.org\/{rel}","templated":true}]}}